{"id":2077,"date":"2025-03-19T06:55:14","date_gmt":"2025-03-19T06:55:14","guid":{"rendered":"https:\/\/michemicals.com\/?page_id=2077"},"modified":"2026-03-20T07:14:50","modified_gmt":"2026-03-20T07:14:50","slug":"tinh-ben-vung","status":"publish","type":"page","link":"https:\/\/michemicals.com\/vi\/tinh-ben-vung\/","title":{"rendered":"Ph\u00e1t tri\u1ec3n b\u1ec1n v\u1eefng"},"content":{"rendered":"<div data-elementor-type=\"wp-page\" data-elementor-id=\"2077\" class=\"elementor elementor-2077\" data-elementor-post-type=\"page\">\n\t\t\t\t\t\t<section class=\"elementor-section elementor-top-section elementor-element elementor-element-20254beb elementor-reverse-mobile elementor-section-boxed elementor-section-height-default elementor-section-height-default\" data-id=\"20254beb\" data-element_type=\"section\" data-settings=\"{&quot;background_background&quot;:&quot;classic&quot;}\">\n\t\t\t\t\t\t\t<div class=\"elementor-background-overlay\"><\/div>\n\t\t\t\t\t\t\t<div class=\"elementor-container elementor-column-gap-default\">\n\t\t\t\t\t<div class=\"elementor-column elementor-col-100 elementor-top-column elementor-element elementor-element-3d64cca\" data-id=\"3d64cca\" data-element_type=\"column\">\n\t\t\t<div class=\"elementor-widget-wrap elementor-element-populated\">\n\t\t\t\t\t\t<div class=\"elementor-element elementor-element-b770648 elementor-widget elementor-widget-heading\" data-id=\"b770648\" data-element_type=\"widget\" data-widget_type=\"heading.default\">\n\t\t\t\t<div class=\"elementor-widget-container\">\n\t\t\t\t\t<h2 class=\"elementor-heading-title elementor-size-default\">Ph\u00e1t tri\u1ec3n b\u1ec1n v\u1eefng<\/h2>\t\t\t\t<\/div>\n\t\t\t\t<\/div>\n\t\t\t\t<div class=\"elementor-element elementor-element-71869a6 elementor-widget-divider--view-line elementor-widget elementor-widget-divider\" data-id=\"71869a6\" data-element_type=\"widget\" data-widget_type=\"divider.default\">\n\t\t\t\t<div class=\"elementor-widget-container\">\n\t\t\t\t\t\t\t<div class=\"elementor-divider\">\n\t\t\t<span class=\"elementor-divider-separator\">\n\t\t\t\t\t\t<\/span>\n\t\t<\/div>\n\t\t\t\t\t\t<\/div>\n\t\t\t\t<\/div>\n\t\t\t\t<div class=\"elementor-element elementor-element-cf3c002 elementor-widget elementor-widget-text-editor\" data-id=\"cf3c002\" data-element_type=\"widget\" data-widget_type=\"text-editor.default\">\n\t\t\t\t<div class=\"elementor-widget-container\">\n\t\t\t\t\t\t\t\t\t<p>\u0110\u1ed9i ng\u0169 chuy\u00ean gia b\u00e1n h\u00e0ng gi\u00e0u kinh nghi\u1ec7m v\u00e0 \u0111\u1ed9i ng\u0169 ph\u00f2ng th\u00ed nghi\u1ec7m \u0111\u01b0\u1ee3c c\u00f4ng nh\u1eadn c\u1ee7a ch\u00fang t\u00f4i lu\u00f4n s\u1eb5n s\u00e0ng h\u1ed7 tr\u1ee3 qu\u00fd kh\u00e1ch<\/p>\t\t\t\t\t\t\t\t<\/div>\n\t\t\t\t<\/div>\n\t\t\t\t\t<\/div>\n\t\t<\/div>\n\t\t\t\t\t<\/div>\n\t\t<\/section>\n\t\t<div class=\"elementor-element elementor-element-656da52 e-flex e-con-boxed e-con e-parent\" data-id=\"656da52\" data-element_type=\"container\">\n\t\t\t\t\t<div class=\"e-con-inner\">\n\t\t<div class=\"elementor-element elementor-element-2eebdf4 e-con-full e-flex e-con e-child\" data-id=\"2eebdf4\" data-element_type=\"container\">\n\t\t\t\t<div class=\"elementor-element elementor-element-df93435 elementor-widget elementor-widget-image\" data-id=\"df93435\" data-element_type=\"widget\" data-widget_type=\"image.default\">\n\t\t\t\t<div class=\"elementor-widget-container\">\n\t\t\t\t\t\t\t\t\t\t\t\t\t\t\t<img fetchpriority=\"high\" decoding=\"async\" width=\"800\" height=\"534\" src=\"https:\/\/michemicals.com\/wp-content\/uploads\/2026\/03\/sustainability-1024x683.jpg\" class=\"attachment-large size-large wp-image-6684\" alt=\"\" srcset=\"https:\/\/michemicals.com\/wp-content\/uploads\/2026\/03\/sustainability-1024x683.jpg 1024w, https:\/\/michemicals.com\/wp-content\/uploads\/2026\/03\/sustainability-300x200.jpg 300w, https:\/\/michemicals.com\/wp-content\/uploads\/2026\/03\/sustainability-768x512.jpg 768w, https:\/\/michemicals.com\/wp-content\/uploads\/2026\/03\/sustainability-1536x1024.jpg 1536w, https:\/\/michemicals.com\/wp-content\/uploads\/2026\/03\/sustainability-2048x1365.jpg 2048w\" sizes=\"(max-width: 800px) 100vw, 800px\" \/>\t\t\t\t\t\t\t\t\t\t\t\t\t\t\t<\/div>\n\t\t\t\t<\/div>\n\t\t\t\t<\/div>\n\t\t<div class=\"elementor-element elementor-element-2203f7a e-con-full e-flex e-con e-child\" data-id=\"2203f7a\" data-element_type=\"container\" data-settings=\"{&quot;background_background&quot;:&quot;classic&quot;}\">\n\t\t\t\t<div class=\"elementor-element elementor-element-8e36992 elementor-widget elementor-widget-heading\" data-id=\"8e36992\" data-element_type=\"widget\" data-widget_type=\"heading.default\">\n\t\t\t\t<div class=\"elementor-widget-container\">\n\t\t\t\t\t<h2 class=\"elementor-heading-title elementor-size-default\">X\u00e2y d\u1ef1ng m\u1ed9t t\u01b0\u01a1ng lai xanh h\u01a1n, t\u1eebng ch\u1ea5t ph\u1ee5 gia m\u1ed9t<\/h2>\t\t\t\t<\/div>\n\t\t\t\t<\/div>\n\t\t\t\t<div class=\"elementor-element elementor-element-d5c22ac elementor-widget elementor-widget-text-editor\" data-id=\"d5c22ac\" data-element_type=\"widget\" data-widget_type=\"text-editor.default\">\n\t\t\t\t<div class=\"elementor-widget-container\">\n\t\t\t\t\t\t\t\t\t<p>T\u1ea1i Michem, ch\u00fang t\u00f4i tin t\u01b0\u1edfng v\u1eefng ch\u1eafc r\u1eb1ng t\u00ednh n\u0103ng c\u1ee7a v\u1eadt li\u1ec7u x\u00e2y d\u1ef1ng v\u00e0 tr\u00e1ch nhi\u1ec7m v\u1edbi m\u00f4i tr\u01b0\u1eddng c\u00f3 th\u1ec3 song h\u00e0nh c\u00f9ng nhau. V\u1edbi t\u01b0 c\u00e1ch l\u00e0 nh\u00e0 cung c\u1ea5p chuy\u00ean nghi\u1ec7p c\u00e1c s\u1ea3n ph\u1ea9m nh\u01b0 Ether Cellulose, S\u1ee3i, B\u1ed9t Polymer t\u00e1i ph\u00e2n t\u00e1n (RDP) v\u00e0 Ch\u1ea5t si\u00eau d\u1ebbo Polycarboxylate, ch\u00fang t\u00f4i cam k\u1ebft l\u1ed3ng gh\u00e9p kh\u00e1i ni\u1ec7m ph\u00e1t tri\u1ec3n b\u1ec1n v\u1eefng v\u00e0o m\u1ecdi kh\u00eda c\u1ea1nh c\u1ee7a chu\u1ed7i cung \u1ee9ng. Ch\u00fang t\u00f4i cung c\u1ea5p cho kh\u00e1ch h\u00e0ng tr\u00ean to\u00e0n c\u1ea7u c\u00e1c gi\u1ea3i ph\u00e1p ph\u1ee5 gia v\u1eadt li\u1ec7u x\u00e2y d\u1ef1ng k\u1ebft h\u1ee3p hi\u1ec7u su\u1ea5t v\u01b0\u1ee3t tr\u1ed9i v\u1edbi d\u1ea5u ch\u00e2n carbon th\u1ea5p.<\/p>\t\t\t\t\t\t\t\t<\/div>\n\t\t\t\t<\/div>\n\t\t\t\t<\/div>\n\t\t\t\t\t<\/div>\n\t\t\t\t<\/div>\n\t\t<div class=\"elementor-element elementor-element-cffc45b e-flex e-con-boxed e-con e-parent\" data-id=\"cffc45b\" data-element_type=\"container\">\n\t\t\t\t\t<div class=\"e-con-inner\">\n\t\t<div class=\"elementor-element elementor-element-886b761 e-con-full e-flex e-con e-child\" data-id=\"886b761\" data-element_type=\"container\" data-settings=\"{&quot;background_background&quot;:&quot;classic&quot;}\">\n\t\t<div class=\"elementor-element elementor-element-24c3ff6 e-con-full e-flex e-con e-child\" data-id=\"24c3ff6\" data-element_type=\"container\">\n\t\t\t\t<div class=\"elementor-element elementor-element-2819842 elementor-widget elementor-widget-heading\" data-id=\"2819842\" data-element_type=\"widget\" data-widget_type=\"heading.default\">\n\t\t\t\t<div class=\"elementor-widget-container\">\n\t\t\t\t\t<h3 class=\"elementor-heading-title elementor-size-default\">Tri\u1ebft l\u00fd c\u1ee7a ch\u00fang t\u00f4i<\/h3>\t\t\t\t<\/div>\n\t\t\t\t<\/div>\n\t\t\t\t<div class=\"elementor-element elementor-element-561cdc5 elementor-widget elementor-widget-heading\" data-id=\"561cdc5\" data-element_type=\"widget\" data-widget_type=\"heading.default\">\n\t\t\t\t<div class=\"elementor-widget-container\">\n\t\t\t\t\t<h2 class=\"elementor-heading-title elementor-size-default\">V\u01b0\u1ee3t ra ngo\u00e0i vi\u1ec7c tu\u00e2n th\u1ee7, t\u1ea1o ra gi\u00e1 tr\u1ecb<\/h2>\t\t\t\t<\/div>\n\t\t\t\t<\/div>\n\t\t\t\t<\/div>\n\t\t\t\t<div class=\"elementor-element elementor-element-ba6afdd elementor-widget elementor-widget-text-editor\" data-id=\"ba6afdd\" data-element_type=\"widget\" data-widget_type=\"text-editor.default\">\n\t\t\t\t<div class=\"elementor-widget-container\">\n\t\t\t\t\t\t\t\t\t<p>Ph\u00e1t tri\u1ec3n b\u1ec1n v\u1eefng kh\u00f4ng c\u00f2n l\u00e0 m\u1ed9t s\u1ef1 l\u1ef1a ch\u1ecdn m\u00e0 \u0111\u00e3 tr\u1edf th\u00e0nh m\u1ed9t v\u1ea5n \u0111\u1ec1 c\u1ea5p thi\u1ebft \u0111\u1ed1i v\u1edbi t\u01b0\u01a1ng lai c\u1ee7a ng\u00e0nh v\u1eadt li\u1ec7u x\u00e2y d\u1ef1ng. Michem kh\u00f4ng ch\u1ec9 t\u1eadp trung v\u00e0o ch\u00ednh s\u1ea3n ph\u1ea9m m\u00e0 c\u00f2n ch\u00fa tr\u1ecdng \u0111\u1ebfn c\u00e2u chuy\u1ec7n v\u1ec1 m\u00f4i tr\u01b0\u1eddng \u0111\u1eb1ng sau ch\u00fang. Ch\u00fang t\u00f4i c\u1ea9n th\u1eadn l\u1ef1a ch\u1ecdn c\u00e1c nguy\u00ean li\u1ec7u th\u00f4 c\u00f3 ngu\u1ed3n g\u1ed1c t\u1ef1 nhi\u00ean v\u00e0 th\u00e2n thi\u1ec7n v\u1edbi m\u00f4i tr\u01b0\u1eddng, \u0111\u1ea3m b\u1ea3o r\u1eb1ng m\u1ed7i gam ph\u1ee5 gia kh\u00f4ng ch\u1ec9 n\u00e2ng cao ch\u1ea5t l\u01b0\u1ee3ng c\u00f4ng tr\u00ecnh m\u00e0 c\u00f2n gi\u00fap kh\u00e1ch h\u00e0ng \u0111\u1ea1t \u0111\u01b0\u1ee3c c\u00e1c m\u1ee5c ti\u00eau ph\u00e1t tri\u1ec3n b\u1ec1n v\u1eefng c\u1ee7a ri\u00eang h\u1ecd, c\u00f9ng nhau gi\u1ea3i quy\u1ebft nh\u1eefng th\u00e1ch th\u1ee9c to\u00e0n c\u1ea7u.<\/p>\t\t\t\t\t\t\t\t<\/div>\n\t\t\t\t<\/div>\n\t\t\t\t<\/div>\n\t\t<div class=\"elementor-element elementor-element-734a429 e-con-full e-flex e-con e-child\" data-id=\"734a429\" data-element_type=\"container\">\n\t\t\t\t<div class=\"elementor-element elementor-element-079f4ca elementor-widget elementor-widget-image\" data-id=\"079f4ca\" data-element_type=\"widget\" data-widget_type=\"image.default\">\n\t\t\t\t<div class=\"elementor-widget-container\">\n\t\t\t\t\t\t\t\t\t\t\t\t\t\t\t<img decoding=\"async\" width=\"800\" height=\"534\" src=\"https:\/\/michemicals.com\/wp-content\/uploads\/2026\/03\/materials-1-1024x683.jpg\" class=\"attachment-large size-large wp-image-6700\" alt=\"\" srcset=\"https:\/\/michemicals.com\/wp-content\/uploads\/2026\/03\/materials-1-1024x683.jpg 1024w, https:\/\/michemicals.com\/wp-content\/uploads\/2026\/03\/materials-1-300x200.jpg 300w, https:\/\/michemicals.com\/wp-content\/uploads\/2026\/03\/materials-1-768x512.jpg 768w, https:\/\/michemicals.com\/wp-content\/uploads\/2026\/03\/materials-1-1536x1024.jpg 1536w, https:\/\/michemicals.com\/wp-content\/uploads\/2026\/03\/materials-1-2048x1365.jpg 2048w\" sizes=\"(max-width: 800px) 100vw, 800px\" \/>\t\t\t\t\t\t\t\t\t\t\t\t\t\t\t<\/div>\n\t\t\t\t<\/div>\n\t\t\t\t<\/div>\n\t\t\t\t\t<\/div>\n\t\t\t\t<\/div>\n\t\t<div class=\"elementor-element elementor-element-5f023e7 e-flex e-con-boxed e-con e-parent\" data-id=\"5f023e7\" data-element_type=\"container\" data-settings=\"{&quot;background_background&quot;:&quot;classic&quot;}\">\n\t\t\t\t\t<div class=\"e-con-inner\">\n\t\t<div class=\"elementor-element elementor-element-5b80afc e-con-full e-flex e-con e-child\" data-id=\"5b80afc\" data-element_type=\"container\" data-settings=\"{&quot;background_background&quot;:&quot;classic&quot;}\">\n\t\t\t\t<div class=\"elementor-element elementor-element-f517272 elementor-widget elementor-widget-heading\" data-id=\"f517272\" data-element_type=\"widget\" data-widget_type=\"heading.default\">\n\t\t\t\t<div class=\"elementor-widget-container\">\n\t\t\t\t\t<h3 class=\"elementor-heading-title elementor-size-default\">H\u00e0nh tinh<\/h3>\t\t\t\t<\/div>\n\t\t\t\t<\/div>\n\t\t\t\t<div class=\"elementor-element elementor-element-f1fa64f elementor-widget-divider--view-line elementor-widget elementor-widget-divider\" data-id=\"f1fa64f\" data-element_type=\"widget\" data-widget_type=\"divider.default\">\n\t\t\t\t<div class=\"elementor-widget-container\">\n\t\t\t\t\t\t\t<div class=\"elementor-divider\">\n\t\t\t<span class=\"elementor-divider-separator\">\n\t\t\t\t\t\t<\/span>\n\t\t<\/div>\n\t\t\t\t\t\t<\/div>\n\t\t\t\t<\/div>\n\t\t\t\t<div class=\"elementor-element elementor-element-805e2ef elementor-widget elementor-widget-heading\" data-id=\"805e2ef\" data-element_type=\"widget\" data-widget_type=\"heading.default\">\n\t\t\t\t<div class=\"elementor-widget-container\">\n\t\t\t\t\t<h3 class=\"elementor-heading-title elementor-size-default\">B\u1ea3o v\u1ec7 Tr\u00e1i \u0110\u1ea5t c\u1ee7a ch\u00fang ta, b\u1eaft \u0111\u1ea7u t\u1eeb s\u1ef1 \u0111\u1ed5i m\u1edbi trong v\u1eadt li\u1ec7u<\/h3>\t\t\t\t<\/div>\n\t\t\t\t<\/div>\n\t\t\t\t<div class=\"elementor-element elementor-element-ce58ed1 elementor-widget elementor-widget-button\" data-id=\"ce58ed1\" data-element_type=\"widget\" data-widget_type=\"button.default\">\n\t\t\t\t<div class=\"elementor-widget-container\">\n\t\t\t\t\t\t\t\t\t<div class=\"elementor-button-wrapper\">\n\t\t\t\t\t<a class=\"elementor-button elementor-button-link elementor-size-sm elementor-animation-float\" href=\"#\">\n\t\t\t\t\t\t<span class=\"elementor-button-content-wrapper\">\n\t\t\t\t\t\t\t\t\t<span class=\"elementor-button-text\">T\u00ecm hi\u1ec3u th\u00eam<\/span>\n\t\t\t\t\t<\/span>\n\t\t\t\t\t<\/a>\n\t\t\t\t<\/div>\n\t\t\t\t\t\t\t\t<\/div>\n\t\t\t\t<\/div>\n\t\t\t\t<\/div>\n\t\t<div class=\"elementor-element elementor-element-d4aad5f e-con-full e-flex e-con e-child\" data-id=\"d4aad5f\" data-element_type=\"container\" data-settings=\"{&quot;background_background&quot;:&quot;classic&quot;}\">\n\t\t\t\t<div class=\"elementor-element elementor-element-753c2df elementor-widget elementor-widget-heading\" data-id=\"753c2df\" data-element_type=\"widget\" data-widget_type=\"heading.default\">\n\t\t\t\t<div class=\"elementor-widget-container\">\n\t\t\t\t\t<h3 class=\"elementor-heading-title elementor-size-default\">M\u1ecdi ng\u01b0\u1eddi<\/h3>\t\t\t\t<\/div>\n\t\t\t\t<\/div>\n\t\t\t\t<div class=\"elementor-element elementor-element-fa5ee72 elementor-widget-divider--view-line elementor-widget elementor-widget-divider\" data-id=\"fa5ee72\" data-element_type=\"widget\" data-widget_type=\"divider.default\">\n\t\t\t\t<div class=\"elementor-widget-container\">\n\t\t\t\t\t\t\t<div class=\"elementor-divider\">\n\t\t\t<span class=\"elementor-divider-separator\">\n\t\t\t\t\t\t<\/span>\n\t\t<\/div>\n\t\t\t\t\t\t<\/div>\n\t\t\t\t<\/div>\n\t\t\t\t<div class=\"elementor-element elementor-element-8186df9 elementor-widget elementor-widget-heading\" data-id=\"8186df9\" data-element_type=\"widget\" data-widget_type=\"heading.default\">\n\t\t\t\t<div class=\"elementor-widget-container\">\n\t\t\t\t\t<h3 class=\"elementor-heading-title elementor-size-default\">L\u1ea5y con ng\u01b0\u1eddi l\u00e0m trung t\u00e2m, An to\u00e0n v\u00e0 Tr\u00e1ch nhi\u1ec7m song h\u00e0nh<\/h3>\t\t\t\t<\/div>\n\t\t\t\t<\/div>\n\t\t\t\t<div class=\"elementor-element elementor-element-b1fac90 elementor-widget elementor-widget-button\" data-id=\"b1fac90\" data-element_type=\"widget\" data-widget_type=\"button.default\">\n\t\t\t\t<div class=\"elementor-widget-container\">\n\t\t\t\t\t\t\t\t\t<div class=\"elementor-button-wrapper\">\n\t\t\t\t\t<a class=\"elementor-button elementor-button-link elementor-size-sm elementor-animation-float\" href=\"#\">\n\t\t\t\t\t\t<span class=\"elementor-button-content-wrapper\">\n\t\t\t\t\t\t\t\t\t<span class=\"elementor-button-text\">T\u00ecm hi\u1ec3u th\u00eam<\/span>\n\t\t\t\t\t<\/span>\n\t\t\t\t\t<\/a>\n\t\t\t\t<\/div>\n\t\t\t\t\t\t\t\t<\/div>\n\t\t\t\t<\/div>\n\t\t\t\t<\/div>\n\t\t<div class=\"elementor-element elementor-element-271e631 e-con-full e-flex e-con e-child\" data-id=\"271e631\" data-element_type=\"container\" data-settings=\"{&quot;background_background&quot;:&quot;classic&quot;}\">\n\t\t\t\t<div class=\"elementor-element elementor-element-bde8c00 elementor-widget elementor-widget-heading\" data-id=\"bde8c00\" data-element_type=\"widget\" data-widget_type=\"heading.default\">\n\t\t\t\t<div class=\"elementor-widget-container\">\n\t\t\t\t\t<h3 class=\"elementor-heading-title elementor-size-default\">S\u1ef1 th\u1ecbnh v\u01b0\u1ee3ng<\/h3>\t\t\t\t<\/div>\n\t\t\t\t<\/div>\n\t\t\t\t<div class=\"elementor-element elementor-element-ec71d06 elementor-widget-divider--view-line elementor-widget elementor-widget-divider\" data-id=\"ec71d06\" data-element_type=\"widget\" data-widget_type=\"divider.default\">\n\t\t\t\t<div class=\"elementor-widget-container\">\n\t\t\t\t\t\t\t<div class=\"elementor-divider\">\n\t\t\t<span class=\"elementor-divider-separator\">\n\t\t\t\t\t\t<\/span>\n\t\t<\/div>\n\t\t\t\t\t\t<\/div>\n\t\t\t\t<\/div>\n\t\t\t\t<div class=\"elementor-element elementor-element-fe7a53e elementor-widget elementor-widget-heading\" data-id=\"fe7a53e\" data-element_type=\"widget\" data-widget_type=\"heading.default\">\n\t\t\t\t<div class=\"elementor-widget-container\">\n\t\t\t\t\t<h3 class=\"elementor-heading-title elementor-size-default\">C\u00f9ng nhau x\u00e2y d\u1ef1ng s\u1ef1 th\u1ecbnh v\u01b0\u1ee3ng, th\u00fac \u0111\u1ea9y s\u1ef1 ph\u00e1t tri\u1ec3n c\u1ee7a ng\u00e0nh c\u00f4ng nghi\u1ec7p v\u00e0 x\u00e3 h\u1ed9i<\/h3>\t\t\t\t<\/div>\n\t\t\t\t<\/div>\n\t\t\t\t<div class=\"elementor-element elementor-element-e91e1bb elementor-widget elementor-widget-button\" data-id=\"e91e1bb\" data-element_type=\"widget\" data-widget_type=\"button.default\">\n\t\t\t\t<div class=\"elementor-widget-container\">\n\t\t\t\t\t\t\t\t\t<div class=\"elementor-button-wrapper\">\n\t\t\t\t\t<a class=\"elementor-button elementor-button-link elementor-size-sm elementor-animation-float\" href=\"#\">\n\t\t\t\t\t\t<span class=\"elementor-button-content-wrapper\">\n\t\t\t\t\t\t\t\t\t<span class=\"elementor-button-text\">T\u00ecm hi\u1ec3u th\u00eam<\/span>\n\t\t\t\t\t<\/span>\n\t\t\t\t\t<\/a>\n\t\t\t\t<\/div>\n\t\t\t\t\t\t\t\t<\/div>\n\t\t\t\t<\/div>\n\t\t\t\t<\/div>\n\t\t\t\t\t<\/div>\n\t\t\t\t<\/div>\n\t\t<div class=\"elementor-element elementor-element-7ba30a0 e-flex e-con-boxed e-con e-parent\" data-id=\"7ba30a0\" data-element_type=\"container\" data-settings=\"{&quot;background_background&quot;:&quot;classic&quot;}\">\n\t\t\t\t\t<div class=\"e-con-inner\">\n\t\t<div class=\"elementor-element elementor-element-8be1a7e e-con-full e-flex e-con e-child\" data-id=\"8be1a7e\" data-element_type=\"container\">\n\t\t\t\t<div class=\"elementor-element elementor-element-d82bf83 elementor-absolute elementor-widget elementor-widget-image\" data-id=\"d82bf83\" data-element_type=\"widget\" data-settings=\"{&quot;_position&quot;:&quot;absolute&quot;}\" data-widget_type=\"image.default\">\n\t\t\t\t<div class=\"elementor-widget-container\">\n\t\t\t\t\t\t\t\t\t\t\t\t\t\t\t<img decoding=\"async\" width=\"800\" height=\"534\" src=\"https:\/\/michemicals.com\/wp-content\/uploads\/2026\/03\/People-and-Strengthening-Communities-1024x683.jpg\" class=\"attachment-large size-large wp-image-6596\" alt=\"Con ng\u01b0\u1eddi v\u00e0 X\u00e2y d\u1ef1ng c\u1ed9ng \u0111\u1ed3ng\" srcset=\"https:\/\/michemicals.com\/wp-content\/uploads\/2026\/03\/People-and-Strengthening-Communities-1024x683.jpg 1024w, https:\/\/michemicals.com\/wp-content\/uploads\/2026\/03\/People-and-Strengthening-Communities-300x200.jpg 300w, https:\/\/michemicals.com\/wp-content\/uploads\/2026\/03\/People-and-Strengthening-Communities-768x512.jpg 768w, https:\/\/michemicals.com\/wp-content\/uploads\/2026\/03\/People-and-Strengthening-Communities-1536x1024.jpg 1536w, https:\/\/michemicals.com\/wp-content\/uploads\/2026\/03\/People-and-Strengthening-Communities-2048x1365.jpg 2048w\" sizes=\"(max-width: 800px) 100vw, 800px\" \/>\t\t\t\t\t\t\t\t\t\t\t\t\t\t\t<\/div>\n\t\t\t\t<\/div>\n\t\t\t\t<\/div>\n\t\t<div class=\"elementor-element elementor-element-0c63d5b e-con-full e-flex e-con e-child\" data-id=\"0c63d5b\" data-element_type=\"container\" data-settings=\"{&quot;background_background&quot;:&quot;classic&quot;}\">\n\t\t<div class=\"elementor-element elementor-element-cd55537 e-con-full e-flex e-con e-child\" data-id=\"cd55537\" data-element_type=\"container\">\n\t\t\t\t<div class=\"elementor-element elementor-element-9deaeb3 elementor-widget elementor-widget-heading\" data-id=\"9deaeb3\" data-element_type=\"widget\" data-widget_type=\"heading.default\">\n\t\t\t\t<div class=\"elementor-widget-container\">\n\t\t\t\t\t<h3 class=\"elementor-heading-title elementor-size-default\">Cam k\u1ebft c\u1ee7a ch\u00fang t\u00f4i<\/h3>\t\t\t\t<\/div>\n\t\t\t\t<\/div>\n\t\t\t\t<div class=\"elementor-element elementor-element-f13e1d4 elementor-widget elementor-widget-heading\" data-id=\"f13e1d4\" data-element_type=\"widget\" data-widget_type=\"heading.default\">\n\t\t\t\t<div class=\"elementor-widget-container\">\n\t\t\t\t\t<h2 class=\"elementor-heading-title elementor-size-default\">C\u1ea3i ti\u1ebfn li\u00ean t\u1ee5c, c\u1edfi m\u1edf v\u00e0 minh b\u1ea1ch<\/h2>\t\t\t\t<\/div>\n\t\t\t\t<\/div>\n\t\t\t\t<\/div>\n\t\t\t\t<div class=\"elementor-element elementor-element-aa8fd58 elementor-widget elementor-widget-text-editor\" data-id=\"aa8fd58\" data-element_type=\"widget\" data-widget_type=\"text-editor.default\">\n\t\t\t\t<div class=\"elementor-widget-container\">\n\t\t\t\t\t\t\t\t\t<p class=\"ds-markdown-paragraph\">T\u1ea1i Michem, ph\u00e1t tri\u1ec3n b\u1ec1n v\u1eefng l\u00e0 m\u1ed9t h\u00e0nh tr\u00ecnh kh\u00f4ng c\u00f3 \u0111i\u1ec3m d\u1eebng. Ch\u00fang t\u00f4i s\u1ebd ti\u1ebfp t\u1ee5c t\u1eadp trung v\u00e0o c\u00e1c c\u00f4ng ngh\u1ec7 ti\u00ean ti\u1ebfn trong ng\u00e0nh, ch\u1eb3ng h\u1ea1n nh\u01b0 vi\u1ec7c \u1ee9ng d\u1ee5ng c\u00e1c monome c\u00f3 ngu\u1ed3n g\u1ed1c sinh h\u1ecdc trong ch\u1ea5t si\u00eau d\u1ebbo t\u1ed5ng h\u1ee3p v\u00e0 t\u00e1i ch\u1ebf ph\u1ebf li\u1ec7u d\u1ec7t may th\u00e0nh nguy\u00ean li\u1ec7u th\u00f4 s\u1ee3i, \u0111\u1ed3ng th\u1eddi kh\u00f4ng ng\u1eebng t\u1ed1i \u01b0u h\u00f3a danh m\u1ee5c s\u1ea3n ph\u1ea9m c\u1ee7a m\u00ecnh.<\/p><p class=\"ds-markdown-paragraph\">Ch\u00fang t\u00f4i cam k\u1ebft chia s\u1ebb th\u00f4ng tin s\u1ea3n ph\u1ea9m v\u00e0 d\u1eef li\u1ec7u m\u00f4i tr\u01b0\u1eddng v\u1edbi kh\u00e1ch h\u00e0ng m\u1ed9t c\u00e1ch c\u1edfi m\u1edf v\u00e0 minh b\u1ea1ch, c\u00f9ng nhau h\u1ee3p t\u00e1c \u0111\u1ec3 x\u00e2y d\u1ef1ng m\u1ed9t ng\u00e0nh x\u00e2y d\u1ef1ng v\u1eefng m\u1ea1nh, th\u00f4ng minh v\u00e0 th\u00e2n thi\u1ec7n v\u1edbi m\u00f4i tr\u01b0\u1eddng h\u01a1n.<\/p>\t\t\t\t\t\t\t\t<\/div>\n\t\t\t\t<\/div>\n\t\t\t\t<\/div>\n\t\t\t\t\t<\/div>\n\t\t\t\t<\/div>\n\t\t\t\t<\/div>","protected":false},"excerpt":{"rendered":"<p>Sustainability Our experienced sales experts and accredited laboratory team are always here to help you Building a Greener Future, One Additive at a Time At Michem, we firmly believe that the functionality of building materials and environmental responsibility can go hand in hand. As a professional supplier of Cellulose Ether, Fiber, Redispersible Polymer Powder (RDP), [&hellip;]<\/p>\n","protected":false},"author":1,"featured_media":0,"parent":0,"menu_order":0,"comment_status":"closed","ping_status":"closed","template":"","meta":{"footnotes":""},"class_list":["post-2077","page","type-page","status-publish","hentry"],"_links":{"self":[{"href":"https:\/\/michemicals.com\/vi\/wp-json\/wp\/v2\/pages\/2077","targetHints":{"allow":["GET"]}}],"collection":[{"href":"https:\/\/michemicals.com\/vi\/wp-json\/wp\/v2\/pages"}],"about":[{"href":"https:\/\/michemicals.com\/vi\/wp-json\/wp\/v2\/types\/page"}],"author":[{"embeddable":true,"href":"https:\/\/michemicals.com\/vi\/wp-json\/wp\/v2\/users\/1"}],"replies":[{"embeddable":true,"href":"https:\/\/michemicals.com\/vi\/wp-json\/wp\/v2\/comments?post=2077"}],"version-history":[{"count":73,"href":"https:\/\/michemicals.com\/vi\/wp-json\/wp\/v2\/pages\/2077\/revisions"}],"predecessor-version":[{"id":6713,"href":"https:\/\/michemicals.com\/vi\/wp-json\/wp\/v2\/pages\/2077\/revisions\/6713"}],"wp:attachment":[{"href":"https:\/\/michemicals.com\/vi\/wp-json\/wp\/v2\/media?parent=2077"}],"curies":[{"name":"wp","href":"https:\/\/api.w.org\/{rel}","templated":true}]}}