{"id":2077,"date":"2025-03-19T06:55:14","date_gmt":"2025-03-19T06:55:14","guid":{"rendered":"https:\/\/michemicals.com\/?page_id=2077"},"modified":"2026-03-20T07:14:50","modified_gmt":"2026-03-20T07:14:50","slug":"surdurulebi%cc%87li%cc%87rli%cc%87k","status":"publish","type":"page","link":"https:\/\/michemicals.com\/tr\/surdurulebi%cc%87li%cc%87rli%cc%87k\/","title":{"rendered":"S\u00fcrd\u00fcr\u00fclebilirlik"},"content":{"rendered":"<div data-elementor-type=\"wp-page\" data-elementor-id=\"2077\" class=\"elementor elementor-2077\" data-elementor-post-type=\"page\">\n\t\t\t\t\t\t<section class=\"elementor-section elementor-top-section elementor-element elementor-element-20254beb elementor-reverse-mobile elementor-section-boxed elementor-section-height-default elementor-section-height-default\" data-id=\"20254beb\" data-element_type=\"section\" data-settings=\"{&quot;background_background&quot;:&quot;classic&quot;}\">\n\t\t\t\t\t\t\t<div class=\"elementor-background-overlay\"><\/div>\n\t\t\t\t\t\t\t<div class=\"elementor-container elementor-column-gap-default\">\n\t\t\t\t\t<div class=\"elementor-column elementor-col-100 elementor-top-column elementor-element elementor-element-3d64cca\" data-id=\"3d64cca\" data-element_type=\"column\">\n\t\t\t<div class=\"elementor-widget-wrap elementor-element-populated\">\n\t\t\t\t\t\t<div class=\"elementor-element elementor-element-b770648 elementor-widget elementor-widget-heading\" data-id=\"b770648\" data-element_type=\"widget\" data-widget_type=\"heading.default\">\n\t\t\t\t<div class=\"elementor-widget-container\">\n\t\t\t\t\t<h2 class=\"elementor-heading-title elementor-size-default\">S\u00fcrd\u00fcr\u00fclebilirlik<\/h2>\t\t\t\t<\/div>\n\t\t\t\t<\/div>\n\t\t\t\t<div class=\"elementor-element elementor-element-71869a6 elementor-widget-divider--view-line elementor-widget elementor-widget-divider\" data-id=\"71869a6\" data-element_type=\"widget\" data-widget_type=\"divider.default\">\n\t\t\t\t<div class=\"elementor-widget-container\">\n\t\t\t\t\t\t\t<div class=\"elementor-divider\">\n\t\t\t<span class=\"elementor-divider-separator\">\n\t\t\t\t\t\t<\/span>\n\t\t<\/div>\n\t\t\t\t\t\t<\/div>\n\t\t\t\t<\/div>\n\t\t\t\t<div class=\"elementor-element elementor-element-cf3c002 elementor-widget elementor-widget-text-editor\" data-id=\"cf3c002\" data-element_type=\"widget\" data-widget_type=\"text-editor.default\">\n\t\t\t\t<div class=\"elementor-widget-container\">\n\t\t\t\t\t\t\t\t\t<p>Deneyimli sat\u0131\u015f uzmanlar\u0131m\u0131z ve akredite laboratuvar ekibimiz size yard\u0131mc\u0131 olmak i\u00e7in her zaman burada<\/p>\t\t\t\t\t\t\t\t<\/div>\n\t\t\t\t<\/div>\n\t\t\t\t\t<\/div>\n\t\t<\/div>\n\t\t\t\t\t<\/div>\n\t\t<\/section>\n\t\t<div class=\"elementor-element elementor-element-656da52 e-flex e-con-boxed e-con e-parent\" data-id=\"656da52\" data-element_type=\"container\">\n\t\t\t\t\t<div class=\"e-con-inner\">\n\t\t<div class=\"elementor-element elementor-element-2eebdf4 e-con-full e-flex e-con e-child\" data-id=\"2eebdf4\" data-element_type=\"container\">\n\t\t\t\t<div class=\"elementor-element elementor-element-df93435 elementor-widget elementor-widget-image\" data-id=\"df93435\" data-element_type=\"widget\" data-widget_type=\"image.default\">\n\t\t\t\t<div class=\"elementor-widget-container\">\n\t\t\t\t\t\t\t\t\t\t\t\t\t\t\t<img fetchpriority=\"high\" decoding=\"async\" width=\"800\" height=\"534\" src=\"https:\/\/michemicals.com\/wp-content\/uploads\/2026\/03\/sustainability-1024x683.jpg\" class=\"attachment-large size-large wp-image-6684\" alt=\"\" srcset=\"https:\/\/michemicals.com\/wp-content\/uploads\/2026\/03\/sustainability-1024x683.jpg 1024w, https:\/\/michemicals.com\/wp-content\/uploads\/2026\/03\/sustainability-300x200.jpg 300w, https:\/\/michemicals.com\/wp-content\/uploads\/2026\/03\/sustainability-768x512.jpg 768w, https:\/\/michemicals.com\/wp-content\/uploads\/2026\/03\/sustainability-1536x1024.jpg 1536w, https:\/\/michemicals.com\/wp-content\/uploads\/2026\/03\/sustainability-2048x1365.jpg 2048w\" sizes=\"(max-width: 800px) 100vw, 800px\" \/>\t\t\t\t\t\t\t\t\t\t\t\t\t\t\t<\/div>\n\t\t\t\t<\/div>\n\t\t\t\t<\/div>\n\t\t<div class=\"elementor-element elementor-element-2203f7a e-con-full e-flex e-con e-child\" data-id=\"2203f7a\" data-element_type=\"container\" data-settings=\"{&quot;background_background&quot;:&quot;classic&quot;}\">\n\t\t\t\t<div class=\"elementor-element elementor-element-8e36992 elementor-widget elementor-widget-heading\" data-id=\"8e36992\" data-element_type=\"widget\" data-widget_type=\"heading.default\">\n\t\t\t\t<div class=\"elementor-widget-container\">\n\t\t\t\t\t<h2 class=\"elementor-heading-title elementor-size-default\">Her Seferinde Bir Katk\u0131 Maddesiyle Daha Ye\u015fil Bir Gelecek \u0130n\u015fa Etmek<\/h2>\t\t\t\t<\/div>\n\t\t\t\t<\/div>\n\t\t\t\t<div class=\"elementor-element elementor-element-d5c22ac elementor-widget elementor-widget-text-editor\" data-id=\"d5c22ac\" data-element_type=\"widget\" data-widget_type=\"text-editor.default\">\n\t\t\t\t<div class=\"elementor-widget-container\">\n\t\t\t\t\t\t\t\t\t<p>Michem'de, yap\u0131 malzemelerinin i\u015flevselli\u011fi ile \u00e7evresel sorumlulu\u011fun el ele gidebilece\u011fine inan\u0131yoruz. Sel\u00fcloz Eter, Elyaf, Yeniden Da\u011f\u0131labilir Polimer Tozu (RDP) ve Polikarboksilat S\u00fcperplastikle\u015ftiricinin profesyonel bir tedarik\u00e7isi olarak, s\u00fcrd\u00fcr\u00fclebilirlik kavram\u0131n\u0131 tedarik zincirimizin her y\u00f6n\u00fcne entegre etmeye kararl\u0131y\u0131z. K\u00fcresel m\u00fc\u015fterilerimize m\u00fckemmel performans\u0131 d\u00fc\u015f\u00fck karbon ayak izi ile birle\u015ftiren yap\u0131 malzemesi katk\u0131 \u00e7\u00f6z\u00fcmleri sunuyoruz.<\/p>\t\t\t\t\t\t\t\t<\/div>\n\t\t\t\t<\/div>\n\t\t\t\t<\/div>\n\t\t\t\t\t<\/div>\n\t\t\t\t<\/div>\n\t\t<div class=\"elementor-element elementor-element-cffc45b e-flex e-con-boxed e-con e-parent\" data-id=\"cffc45b\" data-element_type=\"container\">\n\t\t\t\t\t<div class=\"e-con-inner\">\n\t\t<div class=\"elementor-element elementor-element-886b761 e-con-full e-flex e-con e-child\" data-id=\"886b761\" data-element_type=\"container\" data-settings=\"{&quot;background_background&quot;:&quot;classic&quot;}\">\n\t\t<div class=\"elementor-element elementor-element-24c3ff6 e-con-full e-flex e-con e-child\" data-id=\"24c3ff6\" data-element_type=\"container\">\n\t\t\t\t<div class=\"elementor-element elementor-element-2819842 elementor-widget elementor-widget-heading\" data-id=\"2819842\" data-element_type=\"widget\" data-widget_type=\"heading.default\">\n\t\t\t\t<div class=\"elementor-widget-container\">\n\t\t\t\t\t<h3 class=\"elementor-heading-title elementor-size-default\">Bizim Felsefemiz<\/h3>\t\t\t\t<\/div>\n\t\t\t\t<\/div>\n\t\t\t\t<div class=\"elementor-element elementor-element-561cdc5 elementor-widget elementor-widget-heading\" data-id=\"561cdc5\" data-element_type=\"widget\" data-widget_type=\"heading.default\">\n\t\t\t\t<div class=\"elementor-widget-container\">\n\t\t\t\t\t<h2 class=\"elementor-heading-title elementor-size-default\">Uyumlulu\u011fun \u00d6tesinde, De\u011fer Yaratmak<\/h2>\t\t\t\t<\/div>\n\t\t\t\t<\/div>\n\t\t\t\t<\/div>\n\t\t\t\t<div class=\"elementor-element elementor-element-ba6afdd elementor-widget elementor-widget-text-editor\" data-id=\"ba6afdd\" data-element_type=\"widget\" data-widget_type=\"text-editor.default\">\n\t\t\t\t<div class=\"elementor-widget-container\">\n\t\t\t\t\t\t\t\t\t<p>S\u00fcrd\u00fcr\u00fclebilirlik art\u0131k bir tercih de\u011fil, yap\u0131 malzemeleri sekt\u00f6r\u00fcn\u00fcn gelece\u011fi i\u00e7in zorunlu bir sorudur. Michem sadece \u00fcr\u00fcnlerin kendisine de\u011fil, ayn\u0131 zamanda arkas\u0131ndaki \u00e7evresel hikayeye de odaklanmaktad\u0131r. Do\u011fal olarak elde edilen ve \u00e7evre dostu olan hammaddeleri \u00f6zenle se\u00e7erek, her bir gram katk\u0131 maddesinin yaln\u0131zca yap\u0131 kalitesini art\u0131rmakla kalmay\u0131p, ayn\u0131 zamanda m\u00fc\u015fterilerimizin kendi s\u00fcrd\u00fcr\u00fclebilir kalk\u0131nma hedeflerine ula\u015fmalar\u0131na yard\u0131mc\u0131 olarak k\u00fcresel zorluklar\u0131 birlikte ele almalar\u0131n\u0131 sa\u011fl\u0131yoruz.<\/p>\t\t\t\t\t\t\t\t<\/div>\n\t\t\t\t<\/div>\n\t\t\t\t<\/div>\n\t\t<div class=\"elementor-element elementor-element-734a429 e-con-full e-flex e-con e-child\" data-id=\"734a429\" data-element_type=\"container\">\n\t\t\t\t<div class=\"elementor-element elementor-element-079f4ca elementor-widget elementor-widget-image\" data-id=\"079f4ca\" data-element_type=\"widget\" data-widget_type=\"image.default\">\n\t\t\t\t<div class=\"elementor-widget-container\">\n\t\t\t\t\t\t\t\t\t\t\t\t\t\t\t<img decoding=\"async\" width=\"800\" height=\"534\" src=\"https:\/\/michemicals.com\/wp-content\/uploads\/2026\/03\/materials-1-1024x683.jpg\" class=\"attachment-large size-large wp-image-6700\" alt=\"\" srcset=\"https:\/\/michemicals.com\/wp-content\/uploads\/2026\/03\/materials-1-1024x683.jpg 1024w, https:\/\/michemicals.com\/wp-content\/uploads\/2026\/03\/materials-1-300x200.jpg 300w, https:\/\/michemicals.com\/wp-content\/uploads\/2026\/03\/materials-1-768x512.jpg 768w, https:\/\/michemicals.com\/wp-content\/uploads\/2026\/03\/materials-1-1536x1024.jpg 1536w, https:\/\/michemicals.com\/wp-content\/uploads\/2026\/03\/materials-1-2048x1365.jpg 2048w\" sizes=\"(max-width: 800px) 100vw, 800px\" \/>\t\t\t\t\t\t\t\t\t\t\t\t\t\t\t<\/div>\n\t\t\t\t<\/div>\n\t\t\t\t<\/div>\n\t\t\t\t\t<\/div>\n\t\t\t\t<\/div>\n\t\t<div class=\"elementor-element elementor-element-5f023e7 e-flex e-con-boxed e-con e-parent\" data-id=\"5f023e7\" data-element_type=\"container\" data-settings=\"{&quot;background_background&quot;:&quot;classic&quot;}\">\n\t\t\t\t\t<div class=\"e-con-inner\">\n\t\t<div class=\"elementor-element elementor-element-5b80afc e-con-full e-flex e-con e-child\" data-id=\"5b80afc\" data-element_type=\"container\" data-settings=\"{&quot;background_background&quot;:&quot;classic&quot;}\">\n\t\t\t\t<div class=\"elementor-element elementor-element-f517272 elementor-widget elementor-widget-heading\" data-id=\"f517272\" data-element_type=\"widget\" data-widget_type=\"heading.default\">\n\t\t\t\t<div class=\"elementor-widget-container\">\n\t\t\t\t\t<h3 class=\"elementor-heading-title elementor-size-default\">Gezegen<\/h3>\t\t\t\t<\/div>\n\t\t\t\t<\/div>\n\t\t\t\t<div class=\"elementor-element elementor-element-f1fa64f elementor-widget-divider--view-line elementor-widget elementor-widget-divider\" data-id=\"f1fa64f\" data-element_type=\"widget\" data-widget_type=\"divider.default\">\n\t\t\t\t<div class=\"elementor-widget-container\">\n\t\t\t\t\t\t\t<div class=\"elementor-divider\">\n\t\t\t<span class=\"elementor-divider-separator\">\n\t\t\t\t\t\t<\/span>\n\t\t<\/div>\n\t\t\t\t\t\t<\/div>\n\t\t\t\t<\/div>\n\t\t\t\t<div class=\"elementor-element elementor-element-805e2ef elementor-widget elementor-widget-heading\" data-id=\"805e2ef\" data-element_type=\"widget\" data-widget_type=\"heading.default\">\n\t\t\t\t<div class=\"elementor-widget-container\">\n\t\t\t\t\t<h3 class=\"elementor-heading-title elementor-size-default\">D\u00fcnyam\u0131z\u0131 Korumak, Malzeme \u0130novasyonu ile Ba\u015fl\u0131yor<\/h3>\t\t\t\t<\/div>\n\t\t\t\t<\/div>\n\t\t\t\t<div class=\"elementor-element elementor-element-ce58ed1 elementor-widget elementor-widget-button\" data-id=\"ce58ed1\" data-element_type=\"widget\" data-widget_type=\"button.default\">\n\t\t\t\t<div class=\"elementor-widget-container\">\n\t\t\t\t\t\t\t\t\t<div class=\"elementor-button-wrapper\">\n\t\t\t\t\t<a class=\"elementor-button elementor-button-link elementor-size-sm elementor-animation-float\" href=\"#\">\n\t\t\t\t\t\t<span class=\"elementor-button-content-wrapper\">\n\t\t\t\t\t\t\t\t\t<span class=\"elementor-button-text\">Daha Fazla Bilgi<\/span>\n\t\t\t\t\t<\/span>\n\t\t\t\t\t<\/a>\n\t\t\t\t<\/div>\n\t\t\t\t\t\t\t\t<\/div>\n\t\t\t\t<\/div>\n\t\t\t\t<\/div>\n\t\t<div class=\"elementor-element elementor-element-d4aad5f e-con-full e-flex e-con e-child\" data-id=\"d4aad5f\" data-element_type=\"container\" data-settings=\"{&quot;background_background&quot;:&quot;classic&quot;}\">\n\t\t\t\t<div class=\"elementor-element elementor-element-753c2df elementor-widget elementor-widget-heading\" data-id=\"753c2df\" data-element_type=\"widget\" data-widget_type=\"heading.default\">\n\t\t\t\t<div class=\"elementor-widget-container\">\n\t\t\t\t\t<h3 class=\"elementor-heading-title elementor-size-default\">\u0130nsanlar<\/h3>\t\t\t\t<\/div>\n\t\t\t\t<\/div>\n\t\t\t\t<div class=\"elementor-element elementor-element-fa5ee72 elementor-widget-divider--view-line elementor-widget elementor-widget-divider\" data-id=\"fa5ee72\" data-element_type=\"widget\" data-widget_type=\"divider.default\">\n\t\t\t\t<div class=\"elementor-widget-container\">\n\t\t\t\t\t\t\t<div class=\"elementor-divider\">\n\t\t\t<span class=\"elementor-divider-separator\">\n\t\t\t\t\t\t<\/span>\n\t\t<\/div>\n\t\t\t\t\t\t<\/div>\n\t\t\t\t<\/div>\n\t\t\t\t<div class=\"elementor-element elementor-element-8186df9 elementor-widget elementor-widget-heading\" data-id=\"8186df9\" data-element_type=\"widget\" data-widget_type=\"heading.default\">\n\t\t\t\t<div class=\"elementor-widget-container\">\n\t\t\t\t\t<h3 class=\"elementor-heading-title elementor-size-default\">\u0130nsan Odakl\u0131, G\u00fcvenlik ve Sorumluluk Bir Arada<\/h3>\t\t\t\t<\/div>\n\t\t\t\t<\/div>\n\t\t\t\t<div class=\"elementor-element elementor-element-b1fac90 elementor-widget elementor-widget-button\" data-id=\"b1fac90\" data-element_type=\"widget\" data-widget_type=\"button.default\">\n\t\t\t\t<div class=\"elementor-widget-container\">\n\t\t\t\t\t\t\t\t\t<div class=\"elementor-button-wrapper\">\n\t\t\t\t\t<a class=\"elementor-button elementor-button-link elementor-size-sm elementor-animation-float\" href=\"#\">\n\t\t\t\t\t\t<span class=\"elementor-button-content-wrapper\">\n\t\t\t\t\t\t\t\t\t<span class=\"elementor-button-text\">Daha Fazla Bilgi<\/span>\n\t\t\t\t\t<\/span>\n\t\t\t\t\t<\/a>\n\t\t\t\t<\/div>\n\t\t\t\t\t\t\t\t<\/div>\n\t\t\t\t<\/div>\n\t\t\t\t<\/div>\n\t\t<div class=\"elementor-element elementor-element-271e631 e-con-full e-flex e-con e-child\" data-id=\"271e631\" data-element_type=\"container\" data-settings=\"{&quot;background_background&quot;:&quot;classic&quot;}\">\n\t\t\t\t<div class=\"elementor-element elementor-element-bde8c00 elementor-widget elementor-widget-heading\" data-id=\"bde8c00\" data-element_type=\"widget\" data-widget_type=\"heading.default\">\n\t\t\t\t<div class=\"elementor-widget-container\">\n\t\t\t\t\t<h3 class=\"elementor-heading-title elementor-size-default\">Refah<\/h3>\t\t\t\t<\/div>\n\t\t\t\t<\/div>\n\t\t\t\t<div class=\"elementor-element elementor-element-ec71d06 elementor-widget-divider--view-line elementor-widget elementor-widget-divider\" data-id=\"ec71d06\" data-element_type=\"widget\" data-widget_type=\"divider.default\">\n\t\t\t\t<div class=\"elementor-widget-container\">\n\t\t\t\t\t\t\t<div class=\"elementor-divider\">\n\t\t\t<span class=\"elementor-divider-separator\">\n\t\t\t\t\t\t<\/span>\n\t\t<\/div>\n\t\t\t\t\t\t<\/div>\n\t\t\t\t<\/div>\n\t\t\t\t<div class=\"elementor-element elementor-element-fe7a53e elementor-widget elementor-widget-heading\" data-id=\"fe7a53e\" data-element_type=\"widget\" data-widget_type=\"heading.default\">\n\t\t\t\t<div class=\"elementor-widget-container\">\n\t\t\t\t\t<h3 class=\"elementor-heading-title elementor-size-default\">Refah\u0131 Birlikte \u0130n\u015fa Etmek, Sanayi ve Toplumu G\u00fc\u00e7lendirmek<\/h3>\t\t\t\t<\/div>\n\t\t\t\t<\/div>\n\t\t\t\t<div class=\"elementor-element elementor-element-e91e1bb elementor-widget elementor-widget-button\" data-id=\"e91e1bb\" data-element_type=\"widget\" data-widget_type=\"button.default\">\n\t\t\t\t<div class=\"elementor-widget-container\">\n\t\t\t\t\t\t\t\t\t<div class=\"elementor-button-wrapper\">\n\t\t\t\t\t<a class=\"elementor-button elementor-button-link elementor-size-sm elementor-animation-float\" href=\"#\">\n\t\t\t\t\t\t<span class=\"elementor-button-content-wrapper\">\n\t\t\t\t\t\t\t\t\t<span class=\"elementor-button-text\">Daha Fazla Bilgi<\/span>\n\t\t\t\t\t<\/span>\n\t\t\t\t\t<\/a>\n\t\t\t\t<\/div>\n\t\t\t\t\t\t\t\t<\/div>\n\t\t\t\t<\/div>\n\t\t\t\t<\/div>\n\t\t\t\t\t<\/div>\n\t\t\t\t<\/div>\n\t\t<div class=\"elementor-element elementor-element-7ba30a0 e-flex e-con-boxed e-con e-parent\" data-id=\"7ba30a0\" data-element_type=\"container\" data-settings=\"{&quot;background_background&quot;:&quot;classic&quot;}\">\n\t\t\t\t\t<div class=\"e-con-inner\">\n\t\t<div class=\"elementor-element elementor-element-8be1a7e e-con-full e-flex e-con e-child\" data-id=\"8be1a7e\" data-element_type=\"container\">\n\t\t\t\t<div class=\"elementor-element elementor-element-d82bf83 elementor-absolute elementor-widget elementor-widget-image\" data-id=\"d82bf83\" data-element_type=\"widget\" data-settings=\"{&quot;_position&quot;:&quot;absolute&quot;}\" data-widget_type=\"image.default\">\n\t\t\t\t<div class=\"elementor-widget-container\">\n\t\t\t\t\t\t\t\t\t\t\t\t\t\t\t<img decoding=\"async\" width=\"800\" height=\"534\" src=\"https:\/\/michemicals.com\/wp-content\/uploads\/2026\/03\/People-and-Strengthening-Communities-1024x683.jpg\" class=\"attachment-large size-large wp-image-6596\" alt=\"\u0130nsanlar ve Toplumlar\u0131n G\u00fc\u00e7lendirilmesi\" srcset=\"https:\/\/michemicals.com\/wp-content\/uploads\/2026\/03\/People-and-Strengthening-Communities-1024x683.jpg 1024w, https:\/\/michemicals.com\/wp-content\/uploads\/2026\/03\/People-and-Strengthening-Communities-300x200.jpg 300w, https:\/\/michemicals.com\/wp-content\/uploads\/2026\/03\/People-and-Strengthening-Communities-768x512.jpg 768w, https:\/\/michemicals.com\/wp-content\/uploads\/2026\/03\/People-and-Strengthening-Communities-1536x1024.jpg 1536w, https:\/\/michemicals.com\/wp-content\/uploads\/2026\/03\/People-and-Strengthening-Communities-2048x1365.jpg 2048w\" sizes=\"(max-width: 800px) 100vw, 800px\" \/>\t\t\t\t\t\t\t\t\t\t\t\t\t\t\t<\/div>\n\t\t\t\t<\/div>\n\t\t\t\t<\/div>\n\t\t<div class=\"elementor-element elementor-element-0c63d5b e-con-full e-flex e-con e-child\" data-id=\"0c63d5b\" data-element_type=\"container\" data-settings=\"{&quot;background_background&quot;:&quot;classic&quot;}\">\n\t\t<div class=\"elementor-element elementor-element-cd55537 e-con-full e-flex e-con e-child\" data-id=\"cd55537\" data-element_type=\"container\">\n\t\t\t\t<div class=\"elementor-element elementor-element-9deaeb3 elementor-widget elementor-widget-heading\" data-id=\"9deaeb3\" data-element_type=\"widget\" data-widget_type=\"heading.default\">\n\t\t\t\t<div class=\"elementor-widget-container\">\n\t\t\t\t\t<h3 class=\"elementor-heading-title elementor-size-default\">Taahh\u00fcd\u00fcm\u00fcz<\/h3>\t\t\t\t<\/div>\n\t\t\t\t<\/div>\n\t\t\t\t<div class=\"elementor-element elementor-element-f13e1d4 elementor-widget elementor-widget-heading\" data-id=\"f13e1d4\" data-element_type=\"widget\" data-widget_type=\"heading.default\">\n\t\t\t\t<div class=\"elementor-widget-container\">\n\t\t\t\t\t<h2 class=\"elementor-heading-title elementor-size-default\">S\u00fcrekli \u0130yile\u015ftirme, A\u00e7\u0131kl\u0131k ve \u015eeffafl\u0131k<\/h2>\t\t\t\t<\/div>\n\t\t\t\t<\/div>\n\t\t\t\t<\/div>\n\t\t\t\t<div class=\"elementor-element elementor-element-aa8fd58 elementor-widget elementor-widget-text-editor\" data-id=\"aa8fd58\" data-element_type=\"widget\" data-widget_type=\"text-editor.default\">\n\t\t\t\t<div class=\"elementor-widget-container\">\n\t\t\t\t\t\t\t\t\t<p class=\"ds-markdown-paragraph\">Michem'de s\u00fcrd\u00fcr\u00fclebilir kalk\u0131nma sonu olmayan bir yolculuktur. \u00dcr\u00fcn portf\u00f6y\u00fcm\u00fcz\u00fc s\u00fcrekli olarak optimize ederek, sentetik s\u00fcperplastikle\u015ftiricilerde biyo-bazl\u0131 monomerlerin uygulanmas\u0131 ve at\u0131k tekstillerin elyaf hammaddelerinde geri d\u00f6n\u00fc\u015ft\u00fcr\u00fclmesi gibi en son end\u00fcstri teknolojilerine odaklanmaya devam edece\u011fiz.<\/p><p class=\"ds-markdown-paragraph\">\u00dcr\u00fcn bilgilerini ve \u00e7evresel verileri m\u00fc\u015fterilerimizle a\u00e7\u0131k ve \u015feffaf bir \u015fekilde payla\u015fmay\u0131, daha sa\u011flam, ak\u0131ll\u0131 ve daha ye\u015fil bir in\u015faat d\u00fcnyas\u0131 yaratmak i\u00e7in birlikte \u00e7al\u0131\u015fmay\u0131 taahh\u00fct ediyoruz.<\/p>\t\t\t\t\t\t\t\t<\/div>\n\t\t\t\t<\/div>\n\t\t\t\t<\/div>\n\t\t\t\t\t<\/div>\n\t\t\t\t<\/div>\n\t\t\t\t<\/div>","protected":false},"excerpt":{"rendered":"<p>Sustainability Our experienced sales experts and accredited laboratory team are always here to help you Building a Greener Future, One Additive at a Time At Michem, we firmly believe that the functionality of building materials and environmental responsibility can go hand in hand. As a professional supplier of Cellulose Ether, Fiber, Redispersible Polymer Powder (RDP), [&hellip;]<\/p>\n","protected":false},"author":1,"featured_media":0,"parent":0,"menu_order":0,"comment_status":"closed","ping_status":"closed","template":"","meta":{"footnotes":""},"class_list":["post-2077","page","type-page","status-publish","hentry"],"_links":{"self":[{"href":"https:\/\/michemicals.com\/tr\/wp-json\/wp\/v2\/pages\/2077","targetHints":{"allow":["GET"]}}],"collection":[{"href":"https:\/\/michemicals.com\/tr\/wp-json\/wp\/v2\/pages"}],"about":[{"href":"https:\/\/michemicals.com\/tr\/wp-json\/wp\/v2\/types\/page"}],"author":[{"embeddable":true,"href":"https:\/\/michemicals.com\/tr\/wp-json\/wp\/v2\/users\/1"}],"replies":[{"embeddable":true,"href":"https:\/\/michemicals.com\/tr\/wp-json\/wp\/v2\/comments?post=2077"}],"version-history":[{"count":73,"href":"https:\/\/michemicals.com\/tr\/wp-json\/wp\/v2\/pages\/2077\/revisions"}],"predecessor-version":[{"id":6713,"href":"https:\/\/michemicals.com\/tr\/wp-json\/wp\/v2\/pages\/2077\/revisions\/6713"}],"wp:attachment":[{"href":"https:\/\/michemicals.com\/tr\/wp-json\/wp\/v2\/media?parent=2077"}],"curies":[{"name":"wp","href":"https:\/\/api.w.org\/{rel}","templated":true}]}}