{"id":2077,"date":"2025-03-19T06:55:14","date_gmt":"2025-03-19T06:55:14","guid":{"rendered":"https:\/\/michemicals.com\/?page_id=2077"},"modified":"2026-03-20T07:14:50","modified_gmt":"2026-03-20T07:14:50","slug":"sustainability","status":"publish","type":"page","link":"https:\/\/michemicals.com\/pt_br\/sustainability\/","title":{"rendered":"Sustentabilidade"},"content":{"rendered":"<div data-elementor-type=\"wp-page\" data-elementor-id=\"2077\" class=\"elementor elementor-2077\" data-elementor-post-type=\"page\">\n\t\t\t\t\t\t<section class=\"elementor-section elementor-top-section elementor-element elementor-element-20254beb elementor-reverse-mobile elementor-section-boxed elementor-section-height-default elementor-section-height-default\" data-id=\"20254beb\" data-element_type=\"section\" data-settings=\"{&quot;background_background&quot;:&quot;classic&quot;}\">\n\t\t\t\t\t\t\t<div class=\"elementor-background-overlay\"><\/div>\n\t\t\t\t\t\t\t<div class=\"elementor-container elementor-column-gap-default\">\n\t\t\t\t\t<div class=\"elementor-column elementor-col-100 elementor-top-column elementor-element elementor-element-3d64cca\" data-id=\"3d64cca\" data-element_type=\"column\">\n\t\t\t<div class=\"elementor-widget-wrap elementor-element-populated\">\n\t\t\t\t\t\t<div class=\"elementor-element elementor-element-b770648 elementor-widget elementor-widget-heading\" data-id=\"b770648\" data-element_type=\"widget\" data-widget_type=\"heading.default\">\n\t\t\t\t<div class=\"elementor-widget-container\">\n\t\t\t\t\t<h2 class=\"elementor-heading-title elementor-size-default\">Sustentabilidade<\/h2>\t\t\t\t<\/div>\n\t\t\t\t<\/div>\n\t\t\t\t<div class=\"elementor-element elementor-element-71869a6 elementor-widget-divider--view-line elementor-widget elementor-widget-divider\" data-id=\"71869a6\" data-element_type=\"widget\" data-widget_type=\"divider.default\">\n\t\t\t\t<div class=\"elementor-widget-container\">\n\t\t\t\t\t\t\t<div class=\"elementor-divider\">\n\t\t\t<span class=\"elementor-divider-separator\">\n\t\t\t\t\t\t<\/span>\n\t\t<\/div>\n\t\t\t\t\t\t<\/div>\n\t\t\t\t<\/div>\n\t\t\t\t<div class=\"elementor-element elementor-element-cf3c002 elementor-widget elementor-widget-text-editor\" data-id=\"cf3c002\" data-element_type=\"widget\" data-widget_type=\"text-editor.default\">\n\t\t\t\t<div class=\"elementor-widget-container\">\n\t\t\t\t\t\t\t\t\t<p>Nossos experientes especialistas em vendas e nossa equipe de laborat\u00f3rio credenciada est\u00e3o sempre \u00e0 disposi\u00e7\u00e3o para ajud\u00e1-lo<\/p>\t\t\t\t\t\t\t\t<\/div>\n\t\t\t\t<\/div>\n\t\t\t\t\t<\/div>\n\t\t<\/div>\n\t\t\t\t\t<\/div>\n\t\t<\/section>\n\t\t<div class=\"elementor-element elementor-element-656da52 e-flex e-con-boxed e-con e-parent\" data-id=\"656da52\" data-element_type=\"container\">\n\t\t\t\t\t<div class=\"e-con-inner\">\n\t\t<div class=\"elementor-element elementor-element-2eebdf4 e-con-full e-flex e-con e-child\" data-id=\"2eebdf4\" data-element_type=\"container\">\n\t\t\t\t<div class=\"elementor-element elementor-element-df93435 elementor-widget elementor-widget-image\" data-id=\"df93435\" data-element_type=\"widget\" data-widget_type=\"image.default\">\n\t\t\t\t<div class=\"elementor-widget-container\">\n\t\t\t\t\t\t\t\t\t\t\t\t\t\t\t<img fetchpriority=\"high\" decoding=\"async\" width=\"800\" height=\"534\" src=\"https:\/\/michemicals.com\/wp-content\/uploads\/2026\/03\/sustainability-1024x683.jpg\" class=\"attachment-large size-large wp-image-6684\" alt=\"\" srcset=\"https:\/\/michemicals.com\/wp-content\/uploads\/2026\/03\/sustainability-1024x683.jpg 1024w, https:\/\/michemicals.com\/wp-content\/uploads\/2026\/03\/sustainability-300x200.jpg 300w, https:\/\/michemicals.com\/wp-content\/uploads\/2026\/03\/sustainability-768x512.jpg 768w, https:\/\/michemicals.com\/wp-content\/uploads\/2026\/03\/sustainability-1536x1024.jpg 1536w, https:\/\/michemicals.com\/wp-content\/uploads\/2026\/03\/sustainability-2048x1365.jpg 2048w\" sizes=\"(max-width: 800px) 100vw, 800px\" \/>\t\t\t\t\t\t\t\t\t\t\t\t\t\t\t<\/div>\n\t\t\t\t<\/div>\n\t\t\t\t<\/div>\n\t\t<div class=\"elementor-element elementor-element-2203f7a e-con-full e-flex e-con e-child\" data-id=\"2203f7a\" data-element_type=\"container\" data-settings=\"{&quot;background_background&quot;:&quot;classic&quot;}\">\n\t\t\t\t<div class=\"elementor-element elementor-element-8e36992 elementor-widget elementor-widget-heading\" data-id=\"8e36992\" data-element_type=\"widget\" data-widget_type=\"heading.default\">\n\t\t\t\t<div class=\"elementor-widget-container\">\n\t\t\t\t\t<h2 class=\"elementor-heading-title elementor-size-default\">Construindo um futuro mais verde, um aditivo de cada vez<\/h2>\t\t\t\t<\/div>\n\t\t\t\t<\/div>\n\t\t\t\t<div class=\"elementor-element elementor-element-d5c22ac elementor-widget elementor-widget-text-editor\" data-id=\"d5c22ac\" data-element_type=\"widget\" data-widget_type=\"text-editor.default\">\n\t\t\t\t<div class=\"elementor-widget-container\">\n\t\t\t\t\t\t\t\t\t<p>Na Michem, acreditamos firmemente que a funcionalidade dos materiais de constru\u00e7\u00e3o e a responsabilidade ambiental podem andar de m\u00e3os dadas. Como fornecedor profissional de \u00c9ter de Celulose, Fibra, P\u00f3 de Pol\u00edmero Redispers\u00edvel (RDP) e Superplastificante de Policarboxilato, temos o compromisso de integrar o conceito de sustentabilidade em todos os aspectos de nossa cadeia de suprimentos. Fornecemos aos clientes globais solu\u00e7\u00f5es de aditivos para materiais de constru\u00e7\u00e3o que combinam excelente desempenho com baixa emiss\u00e3o de carbono.<\/p>\t\t\t\t\t\t\t\t<\/div>\n\t\t\t\t<\/div>\n\t\t\t\t<\/div>\n\t\t\t\t\t<\/div>\n\t\t\t\t<\/div>\n\t\t<div class=\"elementor-element elementor-element-cffc45b e-flex e-con-boxed e-con e-parent\" data-id=\"cffc45b\" data-element_type=\"container\">\n\t\t\t\t\t<div class=\"e-con-inner\">\n\t\t<div class=\"elementor-element elementor-element-886b761 e-con-full e-flex e-con e-child\" data-id=\"886b761\" data-element_type=\"container\" data-settings=\"{&quot;background_background&quot;:&quot;classic&quot;}\">\n\t\t<div class=\"elementor-element elementor-element-24c3ff6 e-con-full e-flex e-con e-child\" data-id=\"24c3ff6\" data-element_type=\"container\">\n\t\t\t\t<div class=\"elementor-element elementor-element-2819842 elementor-widget elementor-widget-heading\" data-id=\"2819842\" data-element_type=\"widget\" data-widget_type=\"heading.default\">\n\t\t\t\t<div class=\"elementor-widget-container\">\n\t\t\t\t\t<h3 class=\"elementor-heading-title elementor-size-default\">Nossa filosofia<\/h3>\t\t\t\t<\/div>\n\t\t\t\t<\/div>\n\t\t\t\t<div class=\"elementor-element elementor-element-561cdc5 elementor-widget elementor-widget-heading\" data-id=\"561cdc5\" data-element_type=\"widget\" data-widget_type=\"heading.default\">\n\t\t\t\t<div class=\"elementor-widget-container\">\n\t\t\t\t\t<h2 class=\"elementor-heading-title elementor-size-default\">Al\u00e9m da conformidade, criando valor<\/h2>\t\t\t\t<\/div>\n\t\t\t\t<\/div>\n\t\t\t\t<\/div>\n\t\t\t\t<div class=\"elementor-element elementor-element-ba6afdd elementor-widget elementor-widget-text-editor\" data-id=\"ba6afdd\" data-element_type=\"widget\" data-widget_type=\"text-editor.default\">\n\t\t\t\t<div class=\"elementor-widget-container\">\n\t\t\t\t\t\t\t\t\t<p>A sustentabilidade n\u00e3o \u00e9 mais uma escolha, mas uma quest\u00e3o obrigat\u00f3ria para o futuro do setor de materiais de constru\u00e7\u00e3o. A Michem se concentra n\u00e3o apenas nos produtos em si, mas tamb\u00e9m na hist\u00f3ria ambiental por tr\u00e1s deles. Selecionamos cuidadosamente mat\u00e9rias-primas de origem natural e ambientalmente corretas, garantindo que cada grama de aditivos n\u00e3o apenas melhore a qualidade da constru\u00e7\u00e3o, mas tamb\u00e9m ajude nossos clientes a atingir suas pr\u00f3prias metas de desenvolvimento sustent\u00e1vel, enfrentando conjuntamente os desafios globais.<\/p>\t\t\t\t\t\t\t\t<\/div>\n\t\t\t\t<\/div>\n\t\t\t\t<\/div>\n\t\t<div class=\"elementor-element elementor-element-734a429 e-con-full e-flex e-con e-child\" data-id=\"734a429\" data-element_type=\"container\">\n\t\t\t\t<div class=\"elementor-element elementor-element-079f4ca elementor-widget elementor-widget-image\" data-id=\"079f4ca\" data-element_type=\"widget\" data-widget_type=\"image.default\">\n\t\t\t\t<div class=\"elementor-widget-container\">\n\t\t\t\t\t\t\t\t\t\t\t\t\t\t\t<img decoding=\"async\" width=\"800\" height=\"534\" src=\"https:\/\/michemicals.com\/wp-content\/uploads\/2026\/03\/materials-1-1024x683.jpg\" class=\"attachment-large size-large wp-image-6700\" alt=\"\" srcset=\"https:\/\/michemicals.com\/wp-content\/uploads\/2026\/03\/materials-1-1024x683.jpg 1024w, https:\/\/michemicals.com\/wp-content\/uploads\/2026\/03\/materials-1-300x200.jpg 300w, https:\/\/michemicals.com\/wp-content\/uploads\/2026\/03\/materials-1-768x512.jpg 768w, https:\/\/michemicals.com\/wp-content\/uploads\/2026\/03\/materials-1-1536x1024.jpg 1536w, https:\/\/michemicals.com\/wp-content\/uploads\/2026\/03\/materials-1-2048x1365.jpg 2048w\" sizes=\"(max-width: 800px) 100vw, 800px\" \/>\t\t\t\t\t\t\t\t\t\t\t\t\t\t\t<\/div>\n\t\t\t\t<\/div>\n\t\t\t\t<\/div>\n\t\t\t\t\t<\/div>\n\t\t\t\t<\/div>\n\t\t<div class=\"elementor-element elementor-element-5f023e7 e-flex e-con-boxed e-con e-parent\" data-id=\"5f023e7\" data-element_type=\"container\" data-settings=\"{&quot;background_background&quot;:&quot;classic&quot;}\">\n\t\t\t\t\t<div class=\"e-con-inner\">\n\t\t<div class=\"elementor-element elementor-element-5b80afc e-con-full e-flex e-con e-child\" data-id=\"5b80afc\" data-element_type=\"container\" data-settings=\"{&quot;background_background&quot;:&quot;classic&quot;}\">\n\t\t\t\t<div class=\"elementor-element elementor-element-f517272 elementor-widget elementor-widget-heading\" data-id=\"f517272\" data-element_type=\"widget\" data-widget_type=\"heading.default\">\n\t\t\t\t<div class=\"elementor-widget-container\">\n\t\t\t\t\t<h3 class=\"elementor-heading-title elementor-size-default\">Planeta<\/h3>\t\t\t\t<\/div>\n\t\t\t\t<\/div>\n\t\t\t\t<div class=\"elementor-element elementor-element-f1fa64f elementor-widget-divider--view-line elementor-widget elementor-widget-divider\" data-id=\"f1fa64f\" data-element_type=\"widget\" data-widget_type=\"divider.default\">\n\t\t\t\t<div class=\"elementor-widget-container\">\n\t\t\t\t\t\t\t<div class=\"elementor-divider\">\n\t\t\t<span class=\"elementor-divider-separator\">\n\t\t\t\t\t\t<\/span>\n\t\t<\/div>\n\t\t\t\t\t\t<\/div>\n\t\t\t\t<\/div>\n\t\t\t\t<div class=\"elementor-element elementor-element-805e2ef elementor-widget elementor-widget-heading\" data-id=\"805e2ef\" data-element_type=\"widget\" data-widget_type=\"heading.default\">\n\t\t\t\t<div class=\"elementor-widget-container\">\n\t\t\t\t\t<h3 class=\"elementor-heading-title elementor-size-default\">Protegendo nossa Terra, come\u00e7ando com a inova\u00e7\u00e3o de materiais<\/h3>\t\t\t\t<\/div>\n\t\t\t\t<\/div>\n\t\t\t\t<div class=\"elementor-element elementor-element-ce58ed1 elementor-widget elementor-widget-button\" data-id=\"ce58ed1\" data-element_type=\"widget\" data-widget_type=\"button.default\">\n\t\t\t\t<div class=\"elementor-widget-container\">\n\t\t\t\t\t\t\t\t\t<div class=\"elementor-button-wrapper\">\n\t\t\t\t\t<a class=\"elementor-button elementor-button-link elementor-size-sm elementor-animation-float\" href=\"#\">\n\t\t\t\t\t\t<span class=\"elementor-button-content-wrapper\">\n\t\t\t\t\t\t\t\t\t<span class=\"elementor-button-text\">Saiba mais<\/span>\n\t\t\t\t\t<\/span>\n\t\t\t\t\t<\/a>\n\t\t\t\t<\/div>\n\t\t\t\t\t\t\t\t<\/div>\n\t\t\t\t<\/div>\n\t\t\t\t<\/div>\n\t\t<div class=\"elementor-element elementor-element-d4aad5f e-con-full e-flex e-con e-child\" data-id=\"d4aad5f\" data-element_type=\"container\" data-settings=\"{&quot;background_background&quot;:&quot;classic&quot;}\">\n\t\t\t\t<div class=\"elementor-element elementor-element-753c2df elementor-widget elementor-widget-heading\" data-id=\"753c2df\" data-element_type=\"widget\" data-widget_type=\"heading.default\">\n\t\t\t\t<div class=\"elementor-widget-container\">\n\t\t\t\t\t<h3 class=\"elementor-heading-title elementor-size-default\">Pessoas<\/h3>\t\t\t\t<\/div>\n\t\t\t\t<\/div>\n\t\t\t\t<div class=\"elementor-element elementor-element-fa5ee72 elementor-widget-divider--view-line elementor-widget elementor-widget-divider\" data-id=\"fa5ee72\" data-element_type=\"widget\" data-widget_type=\"divider.default\">\n\t\t\t\t<div class=\"elementor-widget-container\">\n\t\t\t\t\t\t\t<div class=\"elementor-divider\">\n\t\t\t<span class=\"elementor-divider-separator\">\n\t\t\t\t\t\t<\/span>\n\t\t<\/div>\n\t\t\t\t\t\t<\/div>\n\t\t\t\t<\/div>\n\t\t\t\t<div class=\"elementor-element elementor-element-8186df9 elementor-widget elementor-widget-heading\" data-id=\"8186df9\" data-element_type=\"widget\" data-widget_type=\"heading.default\">\n\t\t\t\t<div class=\"elementor-widget-container\">\n\t\t\t\t\t<h3 class=\"elementor-heading-title elementor-size-default\">Orientado para as pessoas, seguran\u00e7a e responsabilidade juntos<\/h3>\t\t\t\t<\/div>\n\t\t\t\t<\/div>\n\t\t\t\t<div class=\"elementor-element elementor-element-b1fac90 elementor-widget elementor-widget-button\" data-id=\"b1fac90\" data-element_type=\"widget\" data-widget_type=\"button.default\">\n\t\t\t\t<div class=\"elementor-widget-container\">\n\t\t\t\t\t\t\t\t\t<div class=\"elementor-button-wrapper\">\n\t\t\t\t\t<a class=\"elementor-button elementor-button-link elementor-size-sm elementor-animation-float\" href=\"#\">\n\t\t\t\t\t\t<span class=\"elementor-button-content-wrapper\">\n\t\t\t\t\t\t\t\t\t<span class=\"elementor-button-text\">Saiba mais<\/span>\n\t\t\t\t\t<\/span>\n\t\t\t\t\t<\/a>\n\t\t\t\t<\/div>\n\t\t\t\t\t\t\t\t<\/div>\n\t\t\t\t<\/div>\n\t\t\t\t<\/div>\n\t\t<div class=\"elementor-element elementor-element-271e631 e-con-full e-flex e-con e-child\" data-id=\"271e631\" data-element_type=\"container\" data-settings=\"{&quot;background_background&quot;:&quot;classic&quot;}\">\n\t\t\t\t<div class=\"elementor-element elementor-element-bde8c00 elementor-widget elementor-widget-heading\" data-id=\"bde8c00\" data-element_type=\"widget\" data-widget_type=\"heading.default\">\n\t\t\t\t<div class=\"elementor-widget-container\">\n\t\t\t\t\t<h3 class=\"elementor-heading-title elementor-size-default\">Prosperidade<\/h3>\t\t\t\t<\/div>\n\t\t\t\t<\/div>\n\t\t\t\t<div class=\"elementor-element elementor-element-ec71d06 elementor-widget-divider--view-line elementor-widget elementor-widget-divider\" data-id=\"ec71d06\" data-element_type=\"widget\" data-widget_type=\"divider.default\">\n\t\t\t\t<div class=\"elementor-widget-container\">\n\t\t\t\t\t\t\t<div class=\"elementor-divider\">\n\t\t\t<span class=\"elementor-divider-separator\">\n\t\t\t\t\t\t<\/span>\n\t\t<\/div>\n\t\t\t\t\t\t<\/div>\n\t\t\t\t<\/div>\n\t\t\t\t<div class=\"elementor-element elementor-element-fe7a53e elementor-widget elementor-widget-heading\" data-id=\"fe7a53e\" data-element_type=\"widget\" data-widget_type=\"heading.default\">\n\t\t\t\t<div class=\"elementor-widget-container\">\n\t\t\t\t\t<h3 class=\"elementor-heading-title elementor-size-default\">Construindo a prosperidade juntos, capacitando o setor e a sociedade<\/h3>\t\t\t\t<\/div>\n\t\t\t\t<\/div>\n\t\t\t\t<div class=\"elementor-element elementor-element-e91e1bb elementor-widget elementor-widget-button\" data-id=\"e91e1bb\" data-element_type=\"widget\" data-widget_type=\"button.default\">\n\t\t\t\t<div class=\"elementor-widget-container\">\n\t\t\t\t\t\t\t\t\t<div class=\"elementor-button-wrapper\">\n\t\t\t\t\t<a class=\"elementor-button elementor-button-link elementor-size-sm elementor-animation-float\" href=\"#\">\n\t\t\t\t\t\t<span class=\"elementor-button-content-wrapper\">\n\t\t\t\t\t\t\t\t\t<span class=\"elementor-button-text\">Saiba mais<\/span>\n\t\t\t\t\t<\/span>\n\t\t\t\t\t<\/a>\n\t\t\t\t<\/div>\n\t\t\t\t\t\t\t\t<\/div>\n\t\t\t\t<\/div>\n\t\t\t\t<\/div>\n\t\t\t\t\t<\/div>\n\t\t\t\t<\/div>\n\t\t<div class=\"elementor-element elementor-element-7ba30a0 e-flex e-con-boxed e-con e-parent\" data-id=\"7ba30a0\" data-element_type=\"container\" data-settings=\"{&quot;background_background&quot;:&quot;classic&quot;}\">\n\t\t\t\t\t<div class=\"e-con-inner\">\n\t\t<div class=\"elementor-element elementor-element-8be1a7e e-con-full e-flex e-con e-child\" data-id=\"8be1a7e\" data-element_type=\"container\">\n\t\t\t\t<div class=\"elementor-element elementor-element-d82bf83 elementor-absolute elementor-widget elementor-widget-image\" data-id=\"d82bf83\" data-element_type=\"widget\" data-settings=\"{&quot;_position&quot;:&quot;absolute&quot;}\" data-widget_type=\"image.default\">\n\t\t\t\t<div class=\"elementor-widget-container\">\n\t\t\t\t\t\t\t\t\t\t\t\t\t\t\t<img decoding=\"async\" width=\"800\" height=\"534\" src=\"https:\/\/michemicals.com\/wp-content\/uploads\/2026\/03\/People-and-Strengthening-Communities-1024x683.jpg\" class=\"attachment-large size-large wp-image-6596\" alt=\"Pessoas e fortalecimento das comunidades\" srcset=\"https:\/\/michemicals.com\/wp-content\/uploads\/2026\/03\/People-and-Strengthening-Communities-1024x683.jpg 1024w, https:\/\/michemicals.com\/wp-content\/uploads\/2026\/03\/People-and-Strengthening-Communities-300x200.jpg 300w, https:\/\/michemicals.com\/wp-content\/uploads\/2026\/03\/People-and-Strengthening-Communities-768x512.jpg 768w, https:\/\/michemicals.com\/wp-content\/uploads\/2026\/03\/People-and-Strengthening-Communities-1536x1024.jpg 1536w, https:\/\/michemicals.com\/wp-content\/uploads\/2026\/03\/People-and-Strengthening-Communities-2048x1365.jpg 2048w\" sizes=\"(max-width: 800px) 100vw, 800px\" \/>\t\t\t\t\t\t\t\t\t\t\t\t\t\t\t<\/div>\n\t\t\t\t<\/div>\n\t\t\t\t<\/div>\n\t\t<div class=\"elementor-element elementor-element-0c63d5b e-con-full e-flex e-con e-child\" data-id=\"0c63d5b\" data-element_type=\"container\" data-settings=\"{&quot;background_background&quot;:&quot;classic&quot;}\">\n\t\t<div class=\"elementor-element elementor-element-cd55537 e-con-full e-flex e-con e-child\" data-id=\"cd55537\" data-element_type=\"container\">\n\t\t\t\t<div class=\"elementor-element elementor-element-9deaeb3 elementor-widget elementor-widget-heading\" data-id=\"9deaeb3\" data-element_type=\"widget\" data-widget_type=\"heading.default\">\n\t\t\t\t<div class=\"elementor-widget-container\">\n\t\t\t\t\t<h3 class=\"elementor-heading-title elementor-size-default\">Nosso compromisso<\/h3>\t\t\t\t<\/div>\n\t\t\t\t<\/div>\n\t\t\t\t<div class=\"elementor-element elementor-element-f13e1d4 elementor-widget elementor-widget-heading\" data-id=\"f13e1d4\" data-element_type=\"widget\" data-widget_type=\"heading.default\">\n\t\t\t\t<div class=\"elementor-widget-container\">\n\t\t\t\t\t<h2 class=\"elementor-heading-title elementor-size-default\">Melhoria cont\u00ednua, abertura e transpar\u00eancia<\/h2>\t\t\t\t<\/div>\n\t\t\t\t<\/div>\n\t\t\t\t<\/div>\n\t\t\t\t<div class=\"elementor-element elementor-element-aa8fd58 elementor-widget elementor-widget-text-editor\" data-id=\"aa8fd58\" data-element_type=\"widget\" data-widget_type=\"text-editor.default\">\n\t\t\t\t<div class=\"elementor-widget-container\">\n\t\t\t\t\t\t\t\t\t<p class=\"ds-markdown-paragraph\">Na Michem, o desenvolvimento sustent\u00e1vel \u00e9 uma jornada sem fim. Continuaremos a nos concentrar em tecnologias industriais de ponta, como a aplica\u00e7\u00e3o de mon\u00f4meros de base biol\u00f3gica em superplastificantes sint\u00e9ticos e a reciclagem de res\u00edduos t\u00eaxteis em mat\u00e9rias-primas de fibras, otimizando constantemente nosso portf\u00f3lio de produtos.<\/p><p class=\"ds-markdown-paragraph\">Comprometemo-nos a compartilhar informa\u00e7\u00f5es sobre produtos e dados ambientais com nossos clientes de forma aberta e transparente, trabalhando juntos para criar um mundo de constru\u00e7\u00e3o mais robusto, inteligente e ecol\u00f3gico.<\/p>\t\t\t\t\t\t\t\t<\/div>\n\t\t\t\t<\/div>\n\t\t\t\t<\/div>\n\t\t\t\t\t<\/div>\n\t\t\t\t<\/div>\n\t\t\t\t<\/div>","protected":false},"excerpt":{"rendered":"<p>Sustainability Our experienced sales experts and accredited laboratory team are always here to help you Building a Greener Future, One Additive at a Time At Michem, we firmly believe that the functionality of building materials and environmental responsibility can go hand in hand. As a professional supplier of Cellulose Ether, Fiber, Redispersible Polymer Powder (RDP), [&hellip;]<\/p>\n","protected":false},"author":1,"featured_media":0,"parent":0,"menu_order":0,"comment_status":"closed","ping_status":"closed","template":"","meta":{"footnotes":""},"class_list":["post-2077","page","type-page","status-publish","hentry"],"_links":{"self":[{"href":"https:\/\/michemicals.com\/pt_br\/wp-json\/wp\/v2\/pages\/2077","targetHints":{"allow":["GET"]}}],"collection":[{"href":"https:\/\/michemicals.com\/pt_br\/wp-json\/wp\/v2\/pages"}],"about":[{"href":"https:\/\/michemicals.com\/pt_br\/wp-json\/wp\/v2\/types\/page"}],"author":[{"embeddable":true,"href":"https:\/\/michemicals.com\/pt_br\/wp-json\/wp\/v2\/users\/1"}],"replies":[{"embeddable":true,"href":"https:\/\/michemicals.com\/pt_br\/wp-json\/wp\/v2\/comments?post=2077"}],"version-history":[{"count":73,"href":"https:\/\/michemicals.com\/pt_br\/wp-json\/wp\/v2\/pages\/2077\/revisions"}],"predecessor-version":[{"id":6713,"href":"https:\/\/michemicals.com\/pt_br\/wp-json\/wp\/v2\/pages\/2077\/revisions\/6713"}],"wp:attachment":[{"href":"https:\/\/michemicals.com\/pt_br\/wp-json\/wp\/v2\/media?parent=2077"}],"curies":[{"name":"wp","href":"https:\/\/api.w.org\/{rel}","templated":true}]}}