{"id":2077,"date":"2025-03-19T06:55:14","date_gmt":"2025-03-19T06:55:14","guid":{"rendered":"https:\/\/michemicals.com\/?page_id=2077"},"modified":"2026-03-20T07:14:50","modified_gmt":"2026-03-20T07:14:50","slug":"nachhaltigkeit","status":"publish","type":"page","link":"https:\/\/michemicals.com\/de\/nachhaltigkeit\/","title":{"rendered":"Nachhaltigkeit"},"content":{"rendered":"<div data-elementor-type=\"wp-page\" data-elementor-id=\"2077\" class=\"elementor elementor-2077\" data-elementor-post-type=\"page\">\n\t\t\t\t\t\t<section class=\"elementor-section elementor-top-section elementor-element elementor-element-20254beb elementor-reverse-mobile elementor-section-boxed elementor-section-height-default elementor-section-height-default\" data-id=\"20254beb\" data-element_type=\"section\" data-e-type=\"section\" data-settings=\"{&quot;background_background&quot;:&quot;classic&quot;}\">\n\t\t\t\t\t\t\t<div class=\"elementor-background-overlay\"><\/div>\n\t\t\t\t\t\t\t<div class=\"elementor-container elementor-column-gap-default\">\n\t\t\t\t\t<div class=\"elementor-column elementor-col-100 elementor-top-column elementor-element elementor-element-3d64cca\" data-id=\"3d64cca\" data-element_type=\"column\" data-e-type=\"column\">\n\t\t\t<div class=\"elementor-widget-wrap elementor-element-populated\">\n\t\t\t\t\t\t<div class=\"elementor-element elementor-element-b770648 elementor-widget elementor-widget-heading\" data-id=\"b770648\" data-element_type=\"widget\" data-e-type=\"widget\" data-widget_type=\"heading.default\">\n\t\t\t\t\t<h2 class=\"elementor-heading-title elementor-size-default\">Nachhaltigkeit<\/h2>\t\t\t\t<\/div>\n\t\t\t\t<div class=\"elementor-element elementor-element-71869a6 elementor-widget-divider--view-line elementor-widget elementor-widget-divider\" data-id=\"71869a6\" data-element_type=\"widget\" data-e-type=\"widget\" data-widget_type=\"divider.default\">\n\t\t\t\t\t\t\t<div class=\"elementor-divider\">\n\t\t\t<span class=\"elementor-divider-separator\">\n\t\t\t\t\t\t<\/span>\n\t\t<\/div>\n\t\t\t\t\t\t<\/div>\n\t\t\t\t<div class=\"elementor-element elementor-element-cf3c002 elementor-widget elementor-widget-text-editor\" data-id=\"cf3c002\" data-element_type=\"widget\" data-e-type=\"widget\" data-widget_type=\"text-editor.default\">\n\t\t\t\t\t\t\t\t\t<p>Unsere erfahrenen Vertriebsexperten und unser akkreditiertes Laborteam sind immer f\u00fcr Sie da<\/p>\t\t\t\t\t\t\t\t<\/div>\n\t\t\t\t\t<\/div>\n\t\t<\/div>\n\t\t\t\t\t<\/div>\n\t\t<\/section>\n\t\t<div class=\"elementor-element elementor-element-656da52 e-flex e-con-boxed e-con e-parent\" data-id=\"656da52\" data-element_type=\"container\" data-e-type=\"container\">\n\t\t\t\t\t<div class=\"e-con-inner\">\n\t\t<div class=\"elementor-element elementor-element-2eebdf4 e-con-full e-flex e-con e-child\" data-id=\"2eebdf4\" data-element_type=\"container\" data-e-type=\"container\">\n\t\t\t\t<div class=\"elementor-element elementor-element-df93435 elementor-widget elementor-widget-image\" data-id=\"df93435\" data-element_type=\"widget\" data-e-type=\"widget\" data-widget_type=\"image.default\">\n\t\t\t\t\t\t\t\t\t\t\t\t\t\t\t<img fetchpriority=\"high\" decoding=\"async\" width=\"800\" height=\"534\" src=\"https:\/\/michemicals.com\/wp-content\/uploads\/2026\/03\/sustainability-1024x683.jpg\" class=\"attachment-large size-large wp-image-6684\" alt=\"\" srcset=\"https:\/\/michemicals.com\/wp-content\/uploads\/2026\/03\/sustainability-1024x683.jpg 1024w, https:\/\/michemicals.com\/wp-content\/uploads\/2026\/03\/sustainability-300x200.jpg 300w, https:\/\/michemicals.com\/wp-content\/uploads\/2026\/03\/sustainability-768x512.jpg 768w, https:\/\/michemicals.com\/wp-content\/uploads\/2026\/03\/sustainability-1536x1024.jpg 1536w, https:\/\/michemicals.com\/wp-content\/uploads\/2026\/03\/sustainability-2048x1365.jpg 2048w\" sizes=\"(max-width: 800px) 100vw, 800px\" title=\"\">\t\t\t\t\t\t\t\t\t\t\t\t\t\t\t<\/div>\n\t\t\t\t<\/div>\n\t\t<div class=\"elementor-element elementor-element-2203f7a e-con-full e-flex e-con e-child\" data-id=\"2203f7a\" data-element_type=\"container\" data-e-type=\"container\" data-settings=\"{&quot;background_background&quot;:&quot;classic&quot;}\">\n\t\t\t\t<div class=\"elementor-element elementor-element-8e36992 elementor-widget elementor-widget-heading\" data-id=\"8e36992\" data-element_type=\"widget\" data-e-type=\"widget\" data-widget_type=\"heading.default\">\n\t\t\t\t\t<h2 class=\"elementor-heading-title elementor-size-default\">Aufbau einer gr\u00fcneren Zukunft, ein Zusatzstoff nach dem anderen<\/h2>\t\t\t\t<\/div>\n\t\t\t\t<div class=\"elementor-element elementor-element-d5c22ac elementor-widget elementor-widget-text-editor\" data-id=\"d5c22ac\" data-element_type=\"widget\" data-e-type=\"widget\" data-widget_type=\"text-editor.default\">\n\t\t\t\t\t\t\t\t\t<p>Wir bei Michem sind der festen \u00dcberzeugung, dass die Funktionalit\u00e4t von Baumaterialien und die Verantwortung f\u00fcr die Umwelt Hand in Hand gehen k\u00f6nnen. Als professioneller Anbieter von Celluloseether, Fasern, redispergierbarem Polymerpulver (RDP) und Polycarboxylatsuperplasticizer haben wir uns verpflichtet, das Konzept der Nachhaltigkeit in jeden Aspekt unserer Lieferkette zu integrieren. Wir bieten unseren Kunden weltweit L\u00f6sungen f\u00fcr Baustoffzusatzstoffe an, die eine hervorragende Leistung mit einem geringen \u00f6kologischen Fu\u00dfabdruck verbinden.<\/p>\t\t\t\t\t\t\t\t<\/div>\n\t\t\t\t<\/div>\n\t\t\t\t\t<\/div>\n\t\t\t\t<\/div>\n\t\t<div class=\"elementor-element elementor-element-cffc45b e-flex e-con-boxed e-con e-parent\" data-id=\"cffc45b\" data-element_type=\"container\" data-e-type=\"container\">\n\t\t\t\t\t<div class=\"e-con-inner\">\n\t\t<div class=\"elementor-element elementor-element-886b761 e-con-full e-flex e-con e-child\" data-id=\"886b761\" data-element_type=\"container\" data-e-type=\"container\" data-settings=\"{&quot;background_background&quot;:&quot;classic&quot;}\">\n\t\t<div class=\"elementor-element elementor-element-24c3ff6 e-con-full e-flex e-con e-child\" data-id=\"24c3ff6\" data-element_type=\"container\" data-e-type=\"container\">\n\t\t\t\t<div class=\"elementor-element elementor-element-2819842 elementor-widget elementor-widget-heading\" data-id=\"2819842\" data-element_type=\"widget\" data-e-type=\"widget\" data-widget_type=\"heading.default\">\n\t\t\t\t\t<h3 class=\"elementor-heading-title elementor-size-default\">Unsere Philosophie<\/h3>\t\t\t\t<\/div>\n\t\t\t\t<div class=\"elementor-element elementor-element-561cdc5 elementor-widget elementor-widget-heading\" data-id=\"561cdc5\" data-element_type=\"widget\" data-e-type=\"widget\" data-widget_type=\"heading.default\">\n\t\t\t\t\t<h2 class=\"elementor-heading-title elementor-size-default\">\u00dcber die Einhaltung von Vorschriften hinaus, Werte schaffen<\/h2>\t\t\t\t<\/div>\n\t\t\t\t<\/div>\n\t\t\t\t<div class=\"elementor-element elementor-element-ba6afdd elementor-widget elementor-widget-text-editor\" data-id=\"ba6afdd\" data-element_type=\"widget\" data-e-type=\"widget\" data-widget_type=\"text-editor.default\">\n\t\t\t\t\t\t\t\t\t<p>Nachhaltigkeit ist nicht l\u00e4nger eine Option, sondern eine zwingende Frage f\u00fcr die Zukunft der Baustoffindustrie. Michem konzentriert sich nicht nur auf die Produkte selbst, sondern auch auf die Umweltgeschichte, die hinter ihnen steht. Wir w\u00e4hlen sorgf\u00e4ltig Rohstoffe aus, die aus der Natur stammen und umweltfreundlich sind. So stellen wir sicher, dass jedes Gramm an Zusatzstoffen nicht nur die Bauqualit\u00e4t verbessert, sondern auch unseren Kunden hilft, ihre eigenen Ziele f\u00fcr eine nachhaltige Entwicklung zu erreichen und gemeinsam globale Herausforderungen zu bew\u00e4ltigen.<\/p>\t\t\t\t\t\t\t\t<\/div>\n\t\t\t\t<\/div>\n\t\t<div class=\"elementor-element elementor-element-734a429 e-con-full e-flex e-con e-child\" data-id=\"734a429\" data-element_type=\"container\" data-e-type=\"container\">\n\t\t\t\t<div class=\"elementor-element elementor-element-079f4ca elementor-widget elementor-widget-image\" data-id=\"079f4ca\" data-element_type=\"widget\" data-e-type=\"widget\" data-widget_type=\"image.default\">\n\t\t\t\t\t\t\t\t\t\t\t\t\t\t\t<img decoding=\"async\" width=\"800\" height=\"534\" src=\"https:\/\/michemicals.com\/wp-content\/uploads\/2026\/03\/materials-1-1024x683.jpg\" class=\"attachment-large size-large wp-image-6700\" alt=\"\" srcset=\"https:\/\/michemicals.com\/wp-content\/uploads\/2026\/03\/materials-1-1024x683.jpg 1024w, https:\/\/michemicals.com\/wp-content\/uploads\/2026\/03\/materials-1-300x200.jpg 300w, https:\/\/michemicals.com\/wp-content\/uploads\/2026\/03\/materials-1-768x512.jpg 768w, https:\/\/michemicals.com\/wp-content\/uploads\/2026\/03\/materials-1-1536x1024.jpg 1536w, https:\/\/michemicals.com\/wp-content\/uploads\/2026\/03\/materials-1-2048x1365.jpg 2048w\" sizes=\"(max-width: 800px) 100vw, 800px\" title=\"\">\t\t\t\t\t\t\t\t\t\t\t\t\t\t\t<\/div>\n\t\t\t\t<\/div>\n\t\t\t\t\t<\/div>\n\t\t\t\t<\/div>\n\t\t<div class=\"elementor-element elementor-element-5f023e7 e-flex e-con-boxed e-con e-parent\" data-id=\"5f023e7\" data-element_type=\"container\" data-e-type=\"container\" data-settings=\"{&quot;background_background&quot;:&quot;classic&quot;}\">\n\t\t\t\t\t<div class=\"e-con-inner\">\n\t\t<div class=\"elementor-element elementor-element-5b80afc e-con-full e-flex e-con e-child\" data-id=\"5b80afc\" data-element_type=\"container\" data-e-type=\"container\" data-settings=\"{&quot;background_background&quot;:&quot;classic&quot;}\">\n\t\t\t\t<div class=\"elementor-element elementor-element-f517272 elementor-widget elementor-widget-heading\" data-id=\"f517272\" data-element_type=\"widget\" data-e-type=\"widget\" data-widget_type=\"heading.default\">\n\t\t\t\t\t<h3 class=\"elementor-heading-title elementor-size-default\">Planet<\/h3>\t\t\t\t<\/div>\n\t\t\t\t<div class=\"elementor-element elementor-element-f1fa64f elementor-widget-divider--view-line elementor-widget elementor-widget-divider\" data-id=\"f1fa64f\" data-element_type=\"widget\" data-e-type=\"widget\" data-widget_type=\"divider.default\">\n\t\t\t\t\t\t\t<div class=\"elementor-divider\">\n\t\t\t<span class=\"elementor-divider-separator\">\n\t\t\t\t\t\t<\/span>\n\t\t<\/div>\n\t\t\t\t\t\t<\/div>\n\t\t\t\t<div class=\"elementor-element elementor-element-805e2ef elementor-widget elementor-widget-heading\" data-id=\"805e2ef\" data-element_type=\"widget\" data-e-type=\"widget\" data-widget_type=\"heading.default\">\n\t\t\t\t\t<h3 class=\"elementor-heading-title elementor-size-default\">Schutz unserer Erde, beginnend mit Materialinnovation<\/h3>\t\t\t\t<\/div>\n\t\t\t\t<div class=\"elementor-element elementor-element-ce58ed1 elementor-widget elementor-widget-button\" data-id=\"ce58ed1\" data-element_type=\"widget\" data-e-type=\"widget\" data-widget_type=\"button.default\">\n\t\t\t\t\t\t\t\t\t\t<a class=\"elementor-button elementor-button-link elementor-size-sm elementor-animation-float\" href=\"#\">\n\t\t\t\t\t\t<span class=\"elementor-button-content-wrapper\">\n\t\t\t\t\t\t\t\t\t<span class=\"elementor-button-text\">Mehr erfahren<\/span>\n\t\t\t\t\t<\/span>\n\t\t\t\t\t<\/a>\n\t\t\t\t\t\t\t\t<\/div>\n\t\t\t\t<\/div>\n\t\t<div class=\"elementor-element elementor-element-d4aad5f e-con-full e-flex e-con e-child\" data-id=\"d4aad5f\" data-element_type=\"container\" data-e-type=\"container\" data-settings=\"{&quot;background_background&quot;:&quot;classic&quot;}\">\n\t\t\t\t<div class=\"elementor-element elementor-element-753c2df elementor-widget elementor-widget-heading\" data-id=\"753c2df\" data-element_type=\"widget\" data-e-type=\"widget\" data-widget_type=\"heading.default\">\n\t\t\t\t\t<h3 class=\"elementor-heading-title elementor-size-default\">Menschen<\/h3>\t\t\t\t<\/div>\n\t\t\t\t<div class=\"elementor-element elementor-element-fa5ee72 elementor-widget-divider--view-line elementor-widget elementor-widget-divider\" data-id=\"fa5ee72\" data-element_type=\"widget\" data-e-type=\"widget\" data-widget_type=\"divider.default\">\n\t\t\t\t\t\t\t<div class=\"elementor-divider\">\n\t\t\t<span class=\"elementor-divider-separator\">\n\t\t\t\t\t\t<\/span>\n\t\t<\/div>\n\t\t\t\t\t\t<\/div>\n\t\t\t\t<div class=\"elementor-element elementor-element-8186df9 elementor-widget elementor-widget-heading\" data-id=\"8186df9\" data-element_type=\"widget\" data-e-type=\"widget\" data-widget_type=\"heading.default\">\n\t\t\t\t\t<h3 class=\"elementor-heading-title elementor-size-default\">Menschenorientiert, Sicherheit und Verantwortung gemeinsam<\/h3>\t\t\t\t<\/div>\n\t\t\t\t<div class=\"elementor-element elementor-element-b1fac90 elementor-widget elementor-widget-button\" data-id=\"b1fac90\" data-element_type=\"widget\" data-e-type=\"widget\" data-widget_type=\"button.default\">\n\t\t\t\t\t\t\t\t\t\t<a class=\"elementor-button elementor-button-link elementor-size-sm elementor-animation-float\" href=\"#\">\n\t\t\t\t\t\t<span class=\"elementor-button-content-wrapper\">\n\t\t\t\t\t\t\t\t\t<span class=\"elementor-button-text\">Mehr erfahren<\/span>\n\t\t\t\t\t<\/span>\n\t\t\t\t\t<\/a>\n\t\t\t\t\t\t\t\t<\/div>\n\t\t\t\t<\/div>\n\t\t<div class=\"elementor-element elementor-element-271e631 e-con-full e-flex e-con e-child\" data-id=\"271e631\" data-element_type=\"container\" data-e-type=\"container\" data-settings=\"{&quot;background_background&quot;:&quot;classic&quot;}\">\n\t\t\t\t<div class=\"elementor-element elementor-element-bde8c00 elementor-widget elementor-widget-heading\" data-id=\"bde8c00\" data-element_type=\"widget\" data-e-type=\"widget\" data-widget_type=\"heading.default\">\n\t\t\t\t\t<h3 class=\"elementor-heading-title elementor-size-default\">Wohlstand<\/h3>\t\t\t\t<\/div>\n\t\t\t\t<div class=\"elementor-element elementor-element-ec71d06 elementor-widget-divider--view-line elementor-widget elementor-widget-divider\" data-id=\"ec71d06\" data-element_type=\"widget\" data-e-type=\"widget\" data-widget_type=\"divider.default\">\n\t\t\t\t\t\t\t<div class=\"elementor-divider\">\n\t\t\t<span class=\"elementor-divider-separator\">\n\t\t\t\t\t\t<\/span>\n\t\t<\/div>\n\t\t\t\t\t\t<\/div>\n\t\t\t\t<div class=\"elementor-element elementor-element-fe7a53e elementor-widget elementor-widget-heading\" data-id=\"fe7a53e\" data-element_type=\"widget\" data-e-type=\"widget\" data-widget_type=\"heading.default\">\n\t\t\t\t\t<h3 class=\"elementor-heading-title elementor-size-default\">Gemeinsam Wohlstand schaffen, Industrie und Gesellschaft bef\u00e4higen<\/h3>\t\t\t\t<\/div>\n\t\t\t\t<div class=\"elementor-element elementor-element-e91e1bb elementor-widget elementor-widget-button\" data-id=\"e91e1bb\" data-element_type=\"widget\" data-e-type=\"widget\" data-widget_type=\"button.default\">\n\t\t\t\t\t\t\t\t\t\t<a class=\"elementor-button elementor-button-link elementor-size-sm elementor-animation-float\" href=\"#\">\n\t\t\t\t\t\t<span class=\"elementor-button-content-wrapper\">\n\t\t\t\t\t\t\t\t\t<span class=\"elementor-button-text\">Mehr erfahren<\/span>\n\t\t\t\t\t<\/span>\n\t\t\t\t\t<\/a>\n\t\t\t\t\t\t\t\t<\/div>\n\t\t\t\t<\/div>\n\t\t\t\t\t<\/div>\n\t\t\t\t<\/div>\n\t\t<div class=\"elementor-element elementor-element-7ba30a0 e-flex e-con-boxed e-con e-parent\" data-id=\"7ba30a0\" data-element_type=\"container\" data-e-type=\"container\" data-settings=\"{&quot;background_background&quot;:&quot;classic&quot;}\">\n\t\t\t\t\t<div class=\"e-con-inner\">\n\t\t<div class=\"elementor-element elementor-element-8be1a7e e-con-full e-flex e-con e-child\" data-id=\"8be1a7e\" data-element_type=\"container\" data-e-type=\"container\">\n\t\t\t\t<div class=\"elementor-element elementor-element-d82bf83 elementor-absolute elementor-widget elementor-widget-image\" data-id=\"d82bf83\" data-element_type=\"widget\" data-e-type=\"widget\" data-settings=\"{&quot;_position&quot;:&quot;absolute&quot;}\" data-widget_type=\"image.default\">\n\t\t\t\t\t\t\t\t\t\t\t\t\t\t\t<img decoding=\"async\" width=\"800\" height=\"534\" src=\"https:\/\/michemicals.com\/wp-content\/uploads\/2026\/03\/People-and-Strengthening-Communities-1024x683.jpg\" class=\"attachment-large size-large wp-image-6596\" alt=\"Menschen-und-Gemeinschaften-st\u00e4rken\" srcset=\"https:\/\/michemicals.com\/wp-content\/uploads\/2026\/03\/People-and-Strengthening-Communities-1024x683.jpg 1024w, https:\/\/michemicals.com\/wp-content\/uploads\/2026\/03\/People-and-Strengthening-Communities-300x200.jpg 300w, https:\/\/michemicals.com\/wp-content\/uploads\/2026\/03\/People-and-Strengthening-Communities-768x512.jpg 768w, https:\/\/michemicals.com\/wp-content\/uploads\/2026\/03\/People-and-Strengthening-Communities-1536x1024.jpg 1536w, https:\/\/michemicals.com\/wp-content\/uploads\/2026\/03\/People-and-Strengthening-Communities-2048x1365.jpg 2048w\" sizes=\"(max-width: 800px) 100vw, 800px\" title=\"\">\t\t\t\t\t\t\t\t\t\t\t\t\t\t\t<\/div>\n\t\t\t\t<\/div>\n\t\t<div class=\"elementor-element elementor-element-0c63d5b e-con-full e-flex e-con e-child\" data-id=\"0c63d5b\" data-element_type=\"container\" data-e-type=\"container\" data-settings=\"{&quot;background_background&quot;:&quot;classic&quot;}\">\n\t\t<div class=\"elementor-element elementor-element-cd55537 e-con-full e-flex e-con e-child\" data-id=\"cd55537\" data-element_type=\"container\" data-e-type=\"container\">\n\t\t\t\t<div class=\"elementor-element elementor-element-9deaeb3 elementor-widget elementor-widget-heading\" data-id=\"9deaeb3\" data-element_type=\"widget\" data-e-type=\"widget\" data-widget_type=\"heading.default\">\n\t\t\t\t\t<h3 class=\"elementor-heading-title elementor-size-default\">Unser Engagement<\/h3>\t\t\t\t<\/div>\n\t\t\t\t<div class=\"elementor-element elementor-element-f13e1d4 elementor-widget elementor-widget-heading\" data-id=\"f13e1d4\" data-element_type=\"widget\" data-e-type=\"widget\" data-widget_type=\"heading.default\">\n\t\t\t\t\t<h2 class=\"elementor-heading-title elementor-size-default\">Kontinuierliche Verbesserung, Offenheit und Transparenz<\/h2>\t\t\t\t<\/div>\n\t\t\t\t<\/div>\n\t\t\t\t<div class=\"elementor-element elementor-element-aa8fd58 elementor-widget elementor-widget-text-editor\" data-id=\"aa8fd58\" data-element_type=\"widget\" data-e-type=\"widget\" data-widget_type=\"text-editor.default\">\n\t\t\t\t\t\t\t\t\t<p class=\"ds-markdown-paragraph\">F\u00fcr Michem ist die nachhaltige Entwicklung eine Reise ohne Ende. Wir werden uns weiterhin auf Spitzentechnologien f\u00fcr die Industrie konzentrieren, wie z. B. die Anwendung von biobasierten Monomeren in synthetischen Weichmachern und das Recycling von Alttextilien in Faserrohstoffen, und unser Produktportfolio st\u00e4ndig optimieren.<\/p><p class=\"ds-markdown-paragraph\">Wir verpflichten uns, Produktinformationen und Umweltdaten auf offene und transparente Weise mit unseren Kunden auszutauschen, um gemeinsam eine robustere, intelligentere und umweltfreundlichere Welt des Bauens zu schaffen.<\/p>\t\t\t\t\t\t\t\t<\/div>\n\t\t\t\t<\/div>\n\t\t\t\t\t<\/div>\n\t\t\t\t<\/div>\n\t\t\t\t<\/div>","protected":false},"excerpt":{"rendered":"<p>Sustainability Our experienced sales experts and accredited laboratory team are always here to help you Building a Greener Future, One Additive at a Time At Michem, we firmly believe that the functionality of building materials and environmental responsibility can go hand in hand. As a professional supplier of Cellulose Ether, Fiber, Redispersible Polymer Powder (RDP), [&hellip;]<\/p>\n","protected":false},"author":1,"featured_media":0,"parent":0,"menu_order":0,"comment_status":"closed","ping_status":"closed","template":"","meta":{"footnotes":""},"class_list":["post-2077","page","type-page","status-publish","hentry"],"_links":{"self":[{"href":"https:\/\/michemicals.com\/de\/wp-json\/wp\/v2\/pages\/2077","targetHints":{"allow":["GET"]}}],"collection":[{"href":"https:\/\/michemicals.com\/de\/wp-json\/wp\/v2\/pages"}],"about":[{"href":"https:\/\/michemicals.com\/de\/wp-json\/wp\/v2\/types\/page"}],"author":[{"embeddable":true,"href":"https:\/\/michemicals.com\/de\/wp-json\/wp\/v2\/users\/1"}],"replies":[{"embeddable":true,"href":"https:\/\/michemicals.com\/de\/wp-json\/wp\/v2\/comments?post=2077"}],"version-history":[{"count":73,"href":"https:\/\/michemicals.com\/de\/wp-json\/wp\/v2\/pages\/2077\/revisions"}],"predecessor-version":[{"id":6713,"href":"https:\/\/michemicals.com\/de\/wp-json\/wp\/v2\/pages\/2077\/revisions\/6713"}],"wp:attachment":[{"href":"https:\/\/michemicals.com\/de\/wp-json\/wp\/v2\/media?parent=2077"}],"curies":[{"name":"wp","href":"https:\/\/api.w.org\/{rel}","templated":true}]}}